{"id":1609,"date":"2020-12-04T09:25:46","date_gmt":"2020-12-04T09:25:46","guid":{"rendered":"https:\/\/re-public.ba\/dienstleistungen\/digitalni-marketing\/"},"modified":"2022-05-01T07:04:24","modified_gmt":"2022-05-01T07:04:24","slug":"digitales-marketing","status":"publish","type":"page","link":"https:\/\/re-public.ba\/de\/dienstleistungen\/digitales-marketing\/","title":{"rendered":"Digitales Marketing"},"content":{"rendered":"<div  class=\"tatsu-fqowmhqju33wnxyk tatsu-section  tatsu-fullscreen tatsu-video-section tatsu-bg-overlay   tatsu-clearfix\" data-title=\"\"  data-headerscheme=\"background--dark\"><div class=\"tatsu-fullscreen-wrap\"><div class='tatsu-section-pad clearfix' data-padding='{\"d\":\"90px 0% 90px 0%\"}' data-padding-top='90px'><div class=\"tatsu-row-wrap  tatsu-wrap tatsu-row-one-col tatsu-row-has-one-cols tatsu-medium-gutter tatsu-reg-cols  tatsu-clearfix tatsu-Jp1_ZJI8kH\" ><style>.tatsu-Jp1_ZJI8kH > .tatsu-row{margin-top: 100px;}.tatsu-Jp1_ZJI8kH.tatsu-row-wrap > .tatsu-row{margin-bottom: 0px;}<\/style><div  class=\"tatsu-row \" ><div  class=\"tatsu-column  tatsu-bg-overlay tatsu-one-col tatsu-column-image-none tatsu-column-effect-none  tatsu-viLolHvcC\"  data-parallax-speed=\"0\" style=\"\"><div class=\"tatsu-column-inner \" ><div class=\"tatsu-column-pad-wrap\"><div class=\"tatsu-column-pad\" ><div  class=\"tatsu-module tatsu-text-block-wrap tatsu-CGCfu1gCf  \"><div class=\"tatsu-text-inner tatsu-align-center  clearfix\" ><style>.tatsu-CGCfu1gCf.tatsu-text-block-wrap .tatsu-text-inner{width: 100%;text-align: center;color: rgba(255,255,255,1) ;}.tatsu-CGCfu1gCf .tatsu-text-inner *{color: rgba(255,255,255,1) ;}.tatsu-CGCfu1gCf.tatsu-text-block-wrap .tatsu-text-inner *{font-family : \"Roboto\",-apple-system,BlinkMacSystemFont,'Segoe UI',Roboto,Oxygen-Sans,Ubuntu,Cantarell,'Helvetica Neue',sans-serif;font-weight : 400;font-style : italic;text-transform : none;font-size : 35px;line-height : 36px;}@media only screen and (max-width:1377px) {.tatsu-CGCfu1gCf.tatsu-text-block-wrap .tatsu-text-inner *{font-family : \"Roboto\",-apple-system,BlinkMacSystemFont,'Segoe UI',Roboto,Oxygen-Sans,Ubuntu,Cantarell,'Helvetica Neue',sans-serif;font-weight : 400;font-style : italic;font-size : 33px;line-height : 33px;}}@media only screen and (min-width:768px) and (max-width: 1024px) {.tatsu-CGCfu1gCf.tatsu-text-block-wrap .tatsu-text-inner{width: 92%;}.tatsu-CGCfu1gCf.tatsu-text-block-wrap .tatsu-text-inner *{font-family : \"Roboto\",-apple-system,BlinkMacSystemFont,'Segoe UI',Roboto,Oxygen-Sans,Ubuntu,Cantarell,'Helvetica Neue',sans-serif;font-weight : 400;font-style : italic;font-size : 30px;line-height : 33px;}}@media only screen and (max-width: 767px) {.tatsu-CGCfu1gCf.tatsu-text-block-wrap .tatsu-text-inner *{font-family : \"Roboto\",-apple-system,BlinkMacSystemFont,'Segoe UI',Roboto,Oxygen-Sans,Ubuntu,Cantarell,'Helvetica Neue',sans-serif;font-weight : 400;font-style : italic;font-size : 27px;line-height : 30px;}}<\/style>\n<p><a title=\"Die Agentur f\u00fcr digitales Marketing REPUBLIC aus Sarajevo, Bosnien und Herzegowina\" href=\"https:\/\/re-public.ba\/de\/dienstleistungen\/digitales-marketing\/#sarajevo\">Die Agentur f\u00fcr digitales Marketing REPUBLIC aus Sarajevo, Bosnien und Herzegowina, wird Ihre sozialen Netzwerke professionell und mit gro\u00dfer Sorgfalt verwalten<\/a><\/p>\n<p style=\"text-align: center;\"><a title=\"Digitales Marketing Sarajevo - Marketingagentur Republic\" href=\"https:\/\/re-public.ba\/de\/dienstleistungen\/digitales-marketing\/#sarajevo\"><img loading=\"lazy\" class=\"aligncenter size-full wp-image-780\" title=\"Digitales Marketing Sarajevo - Marketingagentur Republic\" src=\"https:\/\/re-public.ba\/wp-content\/uploads\/2020\/12\/Digitalna-marketing-agencija-Sarajevo-BiH-Republic-Sarajevo.gif\" alt=\"Digitales Marketing - Marketingagentur Republic Sarajevo\" width=\"52\" height=\"44\" \/><\/a><\/p>\n<\/div><\/div><\/div><\/div><div class = \"tatsu-column-bg-image-wrap\"><div class = \"tatsu-column-bg-image\" ><\/div><\/div><div class=\"tatsu-overlay tatsu-column-overlay tatsu-animate-none\" ><\/div><\/div><style>.tatsu-row > .tatsu-viLolHvcC.tatsu-column{width: 100%;}.tatsu-viLolHvcC.tatsu-column > .tatsu-column-inner > .tatsu-column-overlay{mix-blend-mode: normal;}.tatsu-viLolHvcC > .tatsu-column-inner > .tatsu-top-divider{z-index: 9999;}.tatsu-viLolHvcC > .tatsu-column-inner > .tatsu-bottom-divider{z-index: 9999;}.tatsu-viLolHvcC > .tatsu-column-inner > .tatsu-left-divider{z-index: 9999;}.tatsu-viLolHvcC > .tatsu-column-inner > .tatsu-right-divider{z-index: 9999;}@media only screen and (max-width:1377px) {.tatsu-row > .tatsu-viLolHvcC.tatsu-column{width: 100%;}}@media only screen and (min-width:768px) and (max-width: 1024px) {.tatsu-row > .tatsu-viLolHvcC.tatsu-column{width: 100%;}}@media only screen and (max-width: 767px) {.tatsu-row > .tatsu-viLolHvcC.tatsu-column{width: 100%;}}<\/style><\/div><\/div><\/div><\/div><div class=\"tatsu-section-background-wrap\"><div class = \"tatsu-section-background\" ><\/div><\/div><video class=\"tatsu-bg-video\" autoplay=\"autoplay\" loop=\"loop\" muted=\"muted\" preload=\"auto\" playsinline webkit-playsinline><source src=\"https:\/\/re-public.ba\/wp-content\/uploads\/2020\/12\/Digitalni-marketing-Marketing-agencija-Sarajevo-Republic.mp4\" type=\"video\/mp4\"><\/video><div class=\"tatsu-overlay tatsu-section-overlay\"><\/div><\/div><style>.tatsu-fqowmhqju33wnxyk.tatsu-section{background-color: #3f3f3f;margin: -100px 0px 0px 0px;}.tatsu-fqowmhqju33wnxyk{border-width: 0px 0px px 0px;border-style: solid;}.tatsu-fqowmhqju33wnxyk .tatsu-section-pad{padding: 90px 0% 90px 0%;}.tatsu-fqowmhqju33wnxyk > .tatsu-bottom-divider{z-index: 9999;}.tatsu-fqowmhqju33wnxyk > .tatsu-top-divider{z-index: 9999;}.tatsu-fqowmhqju33wnxyk .tatsu-section-overlay{background: rgba(0,0,0,0.35);mix-blend-mode: normal;}.tatsu-fqowmhqju33wnxyk .tatsu-fullscreen-wrap{align-items: center;}<\/style><\/div><div id=\"sarajevo\" class=\"tatsu-fqowmhqs934ji0h tatsu-section    tatsu-clearfix\" data-title=\"\"  data-headerscheme=\"background--dark\"><div class='tatsu-section-pad clearfix' data-padding='{\"d\":\"60px 0px 90px 0px\"}' data-padding-top='60px'><div class=\"tatsu-row-wrap  tatsu-wrap tatsu-row-one-col tatsu-row-has-one-cols tatsu-zero-margin tatsu-medium-gutter tatsu-reg-cols  tatsu-clearfix tatsu-fqowmhqsfj2phgv8\" ><div  class=\"tatsu-row \" ><div  class=\"tatsu-column  tatsu-column-no-bg tatsu-one-col tatsu-column-image-none tatsu-column-effect-none  tatsu-fqowmhqskoavkgv6\"  data-parallax-speed=\"0\" style=\"\"><div class=\"tatsu-column-inner \" ><div class=\"tatsu-column-pad-wrap\"><div class=\"tatsu-column-pad\" ><div  class=\"tatsu-module tatsu-text-block-wrap tatsu-fqowmhqspp10np0g  \"><div class=\"tatsu-text-inner tatsu-align-center tatsu-animate clearfix\" data-animation=\"fadeInDown\"  ><style>.tatsu-fqowmhqspp10np0g.tatsu-text-block-wrap .tatsu-text-inner{width: 100%;text-align: left;}<\/style>\n<h1 style=\"text-align: center;\" title=\"Digitales Marketing Sarajevo - Marketingagentur Republic Sarajevo\">Digitales Marketing Sarajevo<\/h1>\n<\/div><\/div><\/div><\/div><div class = \"tatsu-column-bg-image-wrap\"><div class = \"tatsu-column-bg-image\" ><\/div><\/div><\/div><style>.tatsu-row > .tatsu-fqowmhqskoavkgv6.tatsu-column{width: 100%;}.tatsu-fqowmhqskoavkgv6.tatsu-column > .tatsu-column-inner > .tatsu-column-overlay{mix-blend-mode: none;}.tatsu-fqowmhqskoavkgv6 > .tatsu-column-inner > .tatsu-top-divider{z-index: 9999;}.tatsu-fqowmhqskoavkgv6 > .tatsu-column-inner > .tatsu-bottom-divider{z-index: 9999;}.tatsu-fqowmhqskoavkgv6 > .tatsu-column-inner > .tatsu-left-divider{z-index: 9999;}.tatsu-fqowmhqskoavkgv6 > .tatsu-column-inner > .tatsu-right-divider{z-index: 9999;}<\/style><\/div><\/div><\/div><div class=\"tatsu-row-wrap  tatsu-wrap tatsu-row-one-col tatsu-row-has-one-cols tatsu-medium-gutter tatsu-reg-cols  tatsu-clearfix tatsu-fqowmhqtdv4yqnpo\" ><div  class=\"tatsu-row \" ><div  class=\"tatsu-column  tatsu-column-no-bg tatsu-one-col tatsu-column-image-none tatsu-column-effect-none  tatsu-fqowmhqtk187hlsy\"  data-parallax-speed=\"0\" style=\"\"><div class=\"tatsu-column-inner \" ><div class=\"tatsu-column-pad-wrap\"><div class=\"tatsu-column-pad\" ><div  class=\"tatsu-module tatsu-text-block-wrap tatsu-fqowmhqulqg1j6fi  \"><div class=\"tatsu-text-inner tatsu-align-center tatsu-animate clearfix\" data-animation=\"fadeInUp\"  ><style>.tatsu-fqowmhqulqg1j6fi.tatsu-text-block-wrap .tatsu-text-inner{width: 100%;text-align: left;}.tatsu-fqowmhqulqg1j6fi.tatsu-text-block-wrap{margin: 15px 0px 30px 0px;}<\/style>\n<p>Die Spezialisten f\u00fcr digitales Marketing aus der Marketingagentur REPUBLIC aus Sarajevo kommunizieren in Algorithmen und Hashtags. Sie haben ihre eigene kleine (digitale) Welt, in der sie Wunder vollbringen. Durch die Kombination von modernem und intuitivem UX, kreativem Copywriting, intelligenten Anzeigen und fortschrittlicher SEO (Suchmaschinenoptimierung) erstellen wir messbare und erfolgreiche Digitalkampagnen.<\/p>\n<p>Die Agentur f\u00fcr digitales Marketing REPUBLIC aus Sarajevo, Bosnien und Herzegowina wird Ihre sozialen Netzwerke und Community-Management-Strategien professionell und mit gro\u00dfer Sorgfalt verwalten. Mit kreativen Inhalten und strategischem digitalem Marketing erh\u00f6hen wir Ihre Sichtbarkeit in den sozialen Netzwerken und helfen Ihnen, Ihre Gesch\u00e4ftsziele zu erreichen.<\/p>\n<\/div><\/div><\/div><\/div><div class = \"tatsu-column-bg-image-wrap\"><div class = \"tatsu-column-bg-image\" ><\/div><\/div><\/div><style>.tatsu-row > .tatsu-fqowmhqtk187hlsy.tatsu-column{width: 100%;}.tatsu-fqowmhqtk187hlsy.tatsu-column > .tatsu-column-inner > .tatsu-column-overlay{mix-blend-mode: none;}.tatsu-fqowmhqtk187hlsy > .tatsu-column-inner > .tatsu-top-divider{z-index: 9999;}.tatsu-fqowmhqtk187hlsy > .tatsu-column-inner > .tatsu-bottom-divider{z-index: 9999;}.tatsu-fqowmhqtk187hlsy > .tatsu-column-inner > .tatsu-left-divider{z-index: 9999;}.tatsu-fqowmhqtk187hlsy > .tatsu-column-inner > .tatsu-right-divider{z-index: 9999;}<\/style><\/div><\/div><\/div><div class=\"tatsu-row-wrap  tatsu-wrap tatsu-row-one-col tatsu-row-has-one-cols tatsu-zero-margin tatsu-medium-gutter tatsu-reg-cols  tatsu-clearfix tatsu-I1hdI2sx-\" ><style>.tatsu-I1hdI2sx-.tatsu-row-wrap > .tatsu-row{padding: 0px 0px 15px 0px;}<\/style><div  class=\"tatsu-row \" ><div  class=\"tatsu-column  tatsu-column-no-bg tatsu-one-col tatsu-column-image-none tatsu-column-effect-none  tatsu-nqw900qRTA\"  data-parallax-speed=\"0\" style=\"\"><div class=\"tatsu-column-inner \" ><div class=\"tatsu-column-pad-wrap\"><div class=\"tatsu-column-pad\" ><div  class=\"tatsu-module tatsu-text-block-wrap tatsu-gip6HcNIBp  \"><div class=\"tatsu-text-inner tatsu-align-center tatsu-animate clearfix\" data-animation=\"fadeInUp\"  ><style>.tatsu-gip6HcNIBp.tatsu-text-block-wrap .tatsu-text-inner{width: 100%;text-align: left;}<\/style>\n<h2 style=\"text-align: left;\" title=\"Digitale Marketingdienstleistungen Sarajevo, BiH - Marketingagentur Republic\">Digitale Marketingdienstleistungen:<\/h2>\n<\/div><\/div><\/div><\/div><div class = \"tatsu-column-bg-image-wrap\"><div class = \"tatsu-column-bg-image\" ><\/div><\/div><\/div><style>.tatsu-row > .tatsu-nqw900qRTA.tatsu-column{width: 100%;}.tatsu-nqw900qRTA.tatsu-column > .tatsu-column-inner > .tatsu-column-overlay{mix-blend-mode: none;}.tatsu-nqw900qRTA > .tatsu-column-inner > .tatsu-top-divider{z-index: 9999;}.tatsu-nqw900qRTA > .tatsu-column-inner > .tatsu-bottom-divider{z-index: 9999;}.tatsu-nqw900qRTA > .tatsu-column-inner > .tatsu-left-divider{z-index: 9999;}.tatsu-nqw900qRTA > .tatsu-column-inner > .tatsu-right-divider{z-index: 9999;}@media only screen and (max-width:1377px) {.tatsu-row > .tatsu-nqw900qRTA.tatsu-column{width: 100%;}}@media only screen and (min-width:768px) and (max-width: 1024px) {.tatsu-row > .tatsu-nqw900qRTA.tatsu-column{width: 100%;}}@media only screen and (max-width: 767px) {.tatsu-row > .tatsu-nqw900qRTA.tatsu-column{width: 100%;}}<\/style><\/div><\/div><\/div><div class=\"tatsu-row-wrap  tatsu-wrap tatsu-row-has-one-half tatsu-row-has-two-cols tatsu-medium-gutter tatsu-reg-cols  tatsu-clearfix tatsu-CoI7Xr-Za\" ><div  class=\"tatsu-row \" ><div  class=\"tatsu-column  tatsu-column-no-bg tatsu-one-half tatsu-column-image-none tatsu-column-effect-none  tatsu-y2Vj4IERF-\"  data-parallax-speed=\"0\" style=\"\"><div class=\"tatsu-column-inner \" ><div class=\"tatsu-column-pad-wrap\"><div class=\"tatsu-column-pad\" ><div  class=\"tatsu-module tatsu-text-block-wrap tatsu-MwlBZtLLfj  \"><div class=\"tatsu-text-inner tatsu-align-center tatsu-animate clearfix\" data-animation=\"fadeInUp\"  ><style>.tatsu-MwlBZtLLfj.tatsu-text-block-wrap .tatsu-text-inner{width: 100%;text-align: left;}.tatsu-MwlBZtLLfj.tatsu-text-block-wrap .tatsu-text-inner *{text-transform : none;letter-spacing : 1px;}<\/style>\n<ul class=\"listpad\">\n<li>Strategische Planung und Entwicklung digitaler Inhalte<\/li>\n<li>Online-Kampagnen<\/li>\n<li>Webdesign und Programmierung<\/li>\n<li>Social Media Management<\/li>\n<li>Handy- und Web-Apps<\/li>\n<li>Facebook- und Google-Anzeigen, Planung und Medienkauf<\/li>\n<\/ul>\n<\/div><\/div><\/div><\/div><div class = \"tatsu-column-bg-image-wrap\"><div class = \"tatsu-column-bg-image\" ><\/div><\/div><\/div><style>.tatsu-row > .tatsu-y2Vj4IERF-.tatsu-column{width: 50%;}.tatsu-y2Vj4IERF-.tatsu-column > .tatsu-column-inner > .tatsu-column-overlay{mix-blend-mode: none;}.tatsu-y2Vj4IERF- > .tatsu-column-inner > .tatsu-top-divider{z-index: 9999;}.tatsu-y2Vj4IERF- > .tatsu-column-inner > .tatsu-bottom-divider{z-index: 9999;}.tatsu-y2Vj4IERF- > .tatsu-column-inner > .tatsu-left-divider{z-index: 9999;}.tatsu-y2Vj4IERF- > .tatsu-column-inner > .tatsu-right-divider{z-index: 9999;}@media only screen and (max-width:1377px) {.tatsu-row > .tatsu-y2Vj4IERF-.tatsu-column{width: 50%;}}@media only screen and (min-width:768px) and (max-width: 1024px) {.tatsu-row > .tatsu-y2Vj4IERF-.tatsu-column{width: 50%;}}@media only screen and (max-width: 767px) {.tatsu-row > .tatsu-y2Vj4IERF-.tatsu-column{width: 100%;}}<\/style><\/div><div  class=\"tatsu-column  tatsu-bg-overlay tatsu-one-half tatsu-column-image-none tatsu-column-effect-none  tatsu-Fb_byR6daK\"  data-parallax-speed=\"0\" style=\"\"><div class=\"tatsu-column-inner \" ><div class=\"tatsu-column-pad-wrap\"><div class=\"tatsu-column-pad\" ><div  class=\"tatsu-module tatsu-text-block-wrap tatsu-O-oZvOEcy  \"><div class=\"tatsu-text-inner tatsu-align-center  clearfix\" ><style>.tatsu-O-oZvOEcy.tatsu-text-block-wrap .tatsu-text-inner{width: 100%;text-align: left;}<\/style>\n<p><img loading=\"lazy\" class=\"aligncenter size-full wp-image-1033\" title=\"Agentur f\u00fcr digitales Marketing Sarajevo BiH - Republic Bosnien und Herzegowina\" src=\"https:\/\/re-public.ba\/wp-content\/uploads\/2020\/12\/Agencija-za-digitalni-marketing-Sarajevo-BiH-Republic-Bosna-i-hercegovina.jpg\" alt=\"Agentur f\u00fcr digitales Marketing Sarajevo BiH - Republic Bosnien und Herzegowina\" width=\"1250\" height=\"907\" srcset=\"https:\/\/re-public.ba\/wp-content\/uploads\/2020\/12\/Agencija-za-digitalni-marketing-Sarajevo-BiH-Republic-Bosna-i-hercegovina.jpg 1250w, https:\/\/re-public.ba\/wp-content\/uploads\/2020\/12\/Agencija-za-digitalni-marketing-Sarajevo-BiH-Republic-Bosna-i-hercegovina-300x218.jpg 300w, https:\/\/re-public.ba\/wp-content\/uploads\/2020\/12\/Agencija-za-digitalni-marketing-Sarajevo-BiH-Republic-Bosna-i-hercegovina-1024x743.jpg 1024w, https:\/\/re-public.ba\/wp-content\/uploads\/2020\/12\/Agencija-za-digitalni-marketing-Sarajevo-BiH-Republic-Bosna-i-hercegovina-768x557.jpg 768w, https:\/\/re-public.ba\/wp-content\/uploads\/2020\/12\/Agencija-za-digitalni-marketing-Sarajevo-BiH-Republic-Bosna-i-hercegovina-69x50.jpg 69w, https:\/\/re-public.ba\/wp-content\/uploads\/2020\/12\/Agencija-za-digitalni-marketing-Sarajevo-BiH-Republic-Bosna-i-hercegovina-650x472.jpg 650w, https:\/\/re-public.ba\/wp-content\/uploads\/2020\/12\/Agencija-za-digitalni-marketing-Sarajevo-BiH-Republic-Bosna-i-hercegovina-1000x726.jpg 1000w, https:\/\/re-public.ba\/wp-content\/uploads\/2020\/12\/Agencija-za-digitalni-marketing-Sarajevo-BiH-Republic-Bosna-i-hercegovina-50x36.jpg 50w\" sizes=\"(max-width: 1250px) 100vw, 1250px\" \/><\/p>\n<\/div><\/div><\/div><\/div><div class = \"tatsu-column-bg-image-wrap\"><div class = \"tatsu-column-bg-image\" ><\/div><\/div><div class=\"tatsu-overlay tatsu-column-overlay tatsu-animate-none\" ><\/div><\/div><style>.tatsu-row > .tatsu-Fb_byR6daK.tatsu-column{width: 50%;}.tatsu-Fb_byR6daK.tatsu-column > .tatsu-column-inner > .tatsu-column-overlay{mix-blend-mode: normal;}.tatsu-Fb_byR6daK > .tatsu-column-inner > .tatsu-top-divider{z-index: 9999;}.tatsu-Fb_byR6daK > .tatsu-column-inner > .tatsu-bottom-divider{z-index: 9999;}.tatsu-Fb_byR6daK > .tatsu-column-inner > .tatsu-left-divider{z-index: 9999;}.tatsu-Fb_byR6daK > .tatsu-column-inner > .tatsu-right-divider{z-index: 9999;}@media only screen and (max-width:1377px) {.tatsu-row > .tatsu-Fb_byR6daK.tatsu-column{width: 50%;}}@media only screen and (min-width:768px) and (max-width: 1024px) {.tatsu-row > .tatsu-Fb_byR6daK.tatsu-column{width: 50%;}}@media only screen and (max-width: 767px) {.tatsu-row > .tatsu-Fb_byR6daK.tatsu-column{width: 100%;}}<\/style><\/div><\/div><\/div><\/div><div class=\"tatsu-section-background-wrap\"><div class = \"tatsu-section-background\" ><\/div><\/div><style>.tatsu-fqowmhqs934ji0h.tatsu-section{background-color: #ffffff;}.tatsu-fqowmhqs934ji0h{border-width: 0px 0px px 0px;border-style: solid;}.tatsu-fqowmhqs934ji0h .tatsu-section-pad{padding: 60px 0px 90px 0px;}.tatsu-fqowmhqs934ji0h > .tatsu-bottom-divider{z-index: 9999;}.tatsu-fqowmhqs934ji0h > .tatsu-top-divider{z-index: 9999;}<\/style><\/div>\n","protected":false},"excerpt":{"rendered":"<p><a href=\"https:\/\/re-public.ba\/de\/dienstleistungen\/digitales-marketing\/\" class=\"more-link style2-button\">Weiterlesen<\/a><\/p>","protected":false},"author":1,"featured_media":1610,"parent":1585,"menu_order":0,"comment_status":"closed","ping_status":"closed","template":"","meta":[],"yoast_head":"<!-- This site is optimized with the Yoast SEO plugin v18.6 - https:\/\/yoast.com\/wordpress\/plugins\/seo\/ -->\n<title>Agentur f\u00fcr digitales Marketing Sarajevo - Agentur der Republic Sarajevo<\/title>\n<meta name=\"description\" content=\"Digitales Marketing in Sarajevo, Bosnien, die beste digitale Agentur f\u00fcr L\u00f6sungen, die Ihre sozialen Netzwerke professionell verwaltet\" \/>\n<meta name=\"robots\" content=\"index, follow, max-snippet:-1, max-image-preview:large, max-video-preview:-1\" \/>\n<link rel=\"canonical\" href=\"https:\/\/re-public.ba\/de\/dienstleistungen\/digitales-marketing\/\" \/>\n<meta property=\"og:locale\" content=\"de_DE\" \/>\n<meta property=\"og:type\" content=\"article\" \/>\n<meta property=\"og:title\" content=\"Agentur f\u00fcr digitales Marketing Sarajevo - Agentur der Republic Sarajevo\" \/>\n<meta property=\"og:description\" content=\"Digitales Marketing in Sarajevo, Bosnien, die beste digitale Agentur f\u00fcr L\u00f6sungen, die Ihre sozialen Netzwerke professionell verwaltet\" \/>\n<meta property=\"og:url\" content=\"https:\/\/re-public.ba\/de\/dienstleistungen\/digitales-marketing\/\" \/>\n<meta property=\"og:site_name\" content=\"Republic\" \/>\n<meta property=\"article:publisher\" content=\"https:\/\/www.facebook.com\/republicagencijabih\" \/>\n<meta property=\"article:modified_time\" content=\"2022-05-01T07:04:24+00:00\" \/>\n<meta property=\"og:image\" content=\"https:\/\/re-public.ba\/wp-content\/uploads\/2021\/01\/Najbolja-rjesenja-digitalni-marketing-Marketing-agencija-Republic-Sarajevo.jpg\" \/>\n\t<meta property=\"og:image:width\" content=\"1920\" \/>\n\t<meta property=\"og:image:height\" content=\"1080\" \/>\n\t<meta property=\"og:image:type\" content=\"image\/jpeg\" \/>\n<meta name=\"twitter:card\" content=\"summary_large_image\" \/>\n<meta name=\"twitter:label1\" content=\"Est. reading time\" \/>\n\t<meta name=\"twitter:data1\" content=\"15 minutes\" \/>\n<script type=\"application\/ld+json\" class=\"yoast-schema-graph\">{\"@context\":\"https:\/\/schema.org\",\"@graph\":[{\"@type\":\"WebSite\",\"@id\":\"https:\/\/re-public.ba\/#website\",\"url\":\"https:\/\/re-public.ba\/\",\"name\":\"Republic\",\"description\":\"Marketing agencija Sarajevo\",\"potentialAction\":[{\"@type\":\"SearchAction\",\"target\":{\"@type\":\"EntryPoint\",\"urlTemplate\":\"https:\/\/re-public.ba\/?s={search_term_string}\"},\"query-input\":\"required name=search_term_string\"}],\"inLanguage\":\"de-DE\"},{\"@type\":\"ImageObject\",\"@id\":\"https:\/\/re-public.ba\/de\/dienstleistungen\/digitales-marketing\/#primaryimage\",\"inLanguage\":\"de-DE\",\"url\":\"https:\/\/re-public.ba\/wp-content\/uploads\/2021\/01\/Najbolja-rjesenja-digitalni-marketing-Marketing-agencija-Republic-Sarajevo.jpg\",\"contentUrl\":\"https:\/\/re-public.ba\/wp-content\/uploads\/2021\/01\/Najbolja-rjesenja-digitalni-marketing-Marketing-agencija-Republic-Sarajevo.jpg\",\"width\":1920,\"height\":1080},{\"@type\":\"WebPage\",\"@id\":\"https:\/\/re-public.ba\/de\/dienstleistungen\/digitales-marketing\/#webpage\",\"url\":\"https:\/\/re-public.ba\/de\/dienstleistungen\/digitales-marketing\/\",\"name\":\"Agentur f\u00fcr digitales Marketing Sarajevo - Agentur der Republic Sarajevo\",\"isPartOf\":{\"@id\":\"https:\/\/re-public.ba\/#website\"},\"primaryImageOfPage\":{\"@id\":\"https:\/\/re-public.ba\/de\/dienstleistungen\/digitales-marketing\/#primaryimage\"},\"datePublished\":\"2020-12-04T09:25:46+00:00\",\"dateModified\":\"2022-05-01T07:04:24+00:00\",\"description\":\"Digitales Marketing in Sarajevo, Bosnien, die beste digitale Agentur f\u00fcr L\u00f6sungen, die Ihre sozialen Netzwerke professionell verwaltet\",\"breadcrumb\":{\"@id\":\"https:\/\/re-public.ba\/de\/dienstleistungen\/digitales-marketing\/#breadcrumb\"},\"inLanguage\":\"de-DE\",\"potentialAction\":[{\"@type\":\"ReadAction\",\"target\":[\"https:\/\/re-public.ba\/de\/dienstleistungen\/digitales-marketing\/\"]}]},{\"@type\":\"BreadcrumbList\",\"@id\":\"https:\/\/re-public.ba\/de\/dienstleistungen\/digitales-marketing\/#breadcrumb\",\"itemListElement\":[{\"@type\":\"ListItem\",\"position\":1,\"name\":\"Dienstleistungen\",\"item\":\"https:\/\/re-public.ba\/de\/dienstleistungen\/\"},{\"@type\":\"ListItem\",\"position\":2,\"name\":\"Digitales Marketing\"}]}]}<\/script>\n<!-- \/ Yoast SEO plugin. -->","yoast_head_json":{"title":"Agentur f\u00fcr digitales Marketing Sarajevo - Agentur der Republic Sarajevo","description":"Digitales Marketing in Sarajevo, Bosnien, die beste digitale Agentur f\u00fcr L\u00f6sungen, die Ihre sozialen Netzwerke professionell verwaltet","robots":{"index":"index","follow":"follow","max-snippet":"max-snippet:-1","max-image-preview":"max-image-preview:large","max-video-preview":"max-video-preview:-1"},"canonical":"https:\/\/re-public.ba\/de\/dienstleistungen\/digitales-marketing\/","og_locale":"de_DE","og_type":"article","og_title":"Agentur f\u00fcr digitales Marketing Sarajevo - Agentur der Republic Sarajevo","og_description":"Digitales Marketing in Sarajevo, Bosnien, die beste digitale Agentur f\u00fcr L\u00f6sungen, die Ihre sozialen Netzwerke professionell verwaltet","og_url":"https:\/\/re-public.ba\/de\/dienstleistungen\/digitales-marketing\/","og_site_name":"Republic","article_publisher":"https:\/\/www.facebook.com\/republicagencijabih","article_modified_time":"2022-05-01T07:04:24+00:00","og_image":[{"width":1920,"height":1080,"url":"https:\/\/re-public.ba\/wp-content\/uploads\/2021\/01\/Najbolja-rjesenja-digitalni-marketing-Marketing-agencija-Republic-Sarajevo.jpg","type":"image\/jpeg"}],"twitter_card":"summary_large_image","twitter_misc":{"Est. reading time":"15 minutes"},"schema":{"@context":"https:\/\/schema.org","@graph":[{"@type":"WebSite","@id":"https:\/\/re-public.ba\/#website","url":"https:\/\/re-public.ba\/","name":"Republic","description":"Marketing agencija Sarajevo","potentialAction":[{"@type":"SearchAction","target":{"@type":"EntryPoint","urlTemplate":"https:\/\/re-public.ba\/?s={search_term_string}"},"query-input":"required name=search_term_string"}],"inLanguage":"de-DE"},{"@type":"ImageObject","@id":"https:\/\/re-public.ba\/de\/dienstleistungen\/digitales-marketing\/#primaryimage","inLanguage":"de-DE","url":"https:\/\/re-public.ba\/wp-content\/uploads\/2021\/01\/Najbolja-rjesenja-digitalni-marketing-Marketing-agencija-Republic-Sarajevo.jpg","contentUrl":"https:\/\/re-public.ba\/wp-content\/uploads\/2021\/01\/Najbolja-rjesenja-digitalni-marketing-Marketing-agencija-Republic-Sarajevo.jpg","width":1920,"height":1080},{"@type":"WebPage","@id":"https:\/\/re-public.ba\/de\/dienstleistungen\/digitales-marketing\/#webpage","url":"https:\/\/re-public.ba\/de\/dienstleistungen\/digitales-marketing\/","name":"Agentur f\u00fcr digitales Marketing Sarajevo - Agentur der Republic Sarajevo","isPartOf":{"@id":"https:\/\/re-public.ba\/#website"},"primaryImageOfPage":{"@id":"https:\/\/re-public.ba\/de\/dienstleistungen\/digitales-marketing\/#primaryimage"},"datePublished":"2020-12-04T09:25:46+00:00","dateModified":"2022-05-01T07:04:24+00:00","description":"Digitales Marketing in Sarajevo, Bosnien, die beste digitale Agentur f\u00fcr L\u00f6sungen, die Ihre sozialen Netzwerke professionell verwaltet","breadcrumb":{"@id":"https:\/\/re-public.ba\/de\/dienstleistungen\/digitales-marketing\/#breadcrumb"},"inLanguage":"de-DE","potentialAction":[{"@type":"ReadAction","target":["https:\/\/re-public.ba\/de\/dienstleistungen\/digitales-marketing\/"]}]},{"@type":"BreadcrumbList","@id":"https:\/\/re-public.ba\/de\/dienstleistungen\/digitales-marketing\/#breadcrumb","itemListElement":[{"@type":"ListItem","position":1,"name":"Dienstleistungen","item":"https:\/\/re-public.ba\/de\/dienstleistungen\/"},{"@type":"ListItem","position":2,"name":"Digitales Marketing"}]}]}},"_links":{"self":[{"href":"https:\/\/re-public.ba\/de\/wp-json\/wp\/v2\/pages\/1609"}],"collection":[{"href":"https:\/\/re-public.ba\/de\/wp-json\/wp\/v2\/pages"}],"about":[{"href":"https:\/\/re-public.ba\/de\/wp-json\/wp\/v2\/types\/page"}],"author":[{"embeddable":true,"href":"https:\/\/re-public.ba\/de\/wp-json\/wp\/v2\/users\/1"}],"replies":[{"embeddable":true,"href":"https:\/\/re-public.ba\/de\/wp-json\/wp\/v2\/comments?post=1609"}],"version-history":[{"count":6,"href":"https:\/\/re-public.ba\/de\/wp-json\/wp\/v2\/pages\/1609\/revisions"}],"predecessor-version":[{"id":2047,"href":"https:\/\/re-public.ba\/de\/wp-json\/wp\/v2\/pages\/1609\/revisions\/2047"}],"up":[{"embeddable":true,"href":"https:\/\/re-public.ba\/de\/wp-json\/wp\/v2\/pages\/1585"}],"wp:featuredmedia":[{"embeddable":true,"href":"https:\/\/re-public.ba\/de\/wp-json\/wp\/v2\/media\/1610"}],"wp:attachment":[{"href":"https:\/\/re-public.ba\/de\/wp-json\/wp\/v2\/media?parent=1609"}],"curies":[{"name":"wp","href":"https:\/\/api.w.org\/{rel}","templated":true}]}}