{"id":1225,"date":"2020-12-13T15:44:15","date_gmt":"2020-12-13T15:44:15","guid":{"rendered":"https:\/\/re-public.ba\/usluge\/"},"modified":"2021-01-07T05:38:58","modified_gmt":"2021-01-07T05:38:58","slug":"hizmetler","status":"publish","type":"page","link":"https:\/\/re-public.ba\/tr\/hizmetler\/","title":{"rendered":"Hizmetler"},"content":{"rendered":"<div  class=\"tatsu-4glojid9My tatsu-section  tatsu-bg-overlay   tatsu-clearfix\" data-title=\"\"  data-headerscheme=\"background--dark\"><div class='tatsu-section-pad clearfix' data-padding='{\"d\":\"50px 0px 13px 0px\"}' data-padding-top='50px'><div class=\"tatsu-row-wrap  tatsu-wrap tatsu-row-one-col tatsu-row-has-one-cols tatsu-medium-gutter tatsu-reg-cols  tatsu-clearfix tatsu-MMrVyRz48s\" ><div  class=\"tatsu-row \" ><div  class=\"tatsu-column  tatsu-bg-overlay tatsu-one-col tatsu-column-image-none tatsu-column-effect-none  tatsu-Cq7qPlztO\"  data-parallax-speed=\"0\" style=\"\"><div class=\"tatsu-column-inner \" ><div class=\"tatsu-column-pad-wrap\"><div class=\"tatsu-column-pad\" ><div  class=\"tatsu-module tatsu-text-block-wrap tatsu-lKGMYM4_9  \"><div class=\"tatsu-text-inner tatsu-align-center  clearfix\" ><style>.tatsu-lKGMYM4_9.tatsu-text-block-wrap .tatsu-text-inner{width: 100%;text-align: center;}<\/style>\n<h1>Hizmetler<\/h1>\n<\/div><\/div><\/div><\/div><div class = \"tatsu-column-bg-image-wrap\"><div class = \"tatsu-column-bg-image\" ><\/div><\/div><div class=\"tatsu-overlay tatsu-column-overlay tatsu-animate-none\" ><\/div><\/div><style>.tatsu-row > .tatsu-Cq7qPlztO.tatsu-column{width: 100%;}.tatsu-Cq7qPlztO.tatsu-column > .tatsu-column-inner > .tatsu-column-overlay{mix-blend-mode: normal;}.tatsu-Cq7qPlztO > .tatsu-column-inner > .tatsu-top-divider{z-index: 9999;}.tatsu-Cq7qPlztO > .tatsu-column-inner > .tatsu-bottom-divider{z-index: 9999;}.tatsu-Cq7qPlztO > .tatsu-column-inner > .tatsu-left-divider{z-index: 9999;}.tatsu-Cq7qPlztO > .tatsu-column-inner > .tatsu-right-divider{z-index: 9999;}@media only screen and (max-width:1377px) {.tatsu-row > .tatsu-Cq7qPlztO.tatsu-column{width: 100%;}}@media only screen and (min-width:768px) and (max-width: 1024px) {.tatsu-row > .tatsu-Cq7qPlztO.tatsu-column{width: 100%;}}@media only screen and (max-width: 767px) {.tatsu-row > .tatsu-Cq7qPlztO.tatsu-column{width: 100%;}}<\/style><\/div><\/div><\/div><\/div><div class=\"tatsu-section-background-wrap\"><div class = \"tatsu-section-background\" ><\/div><\/div><div class=\"tatsu-overlay tatsu-section-overlay\"><\/div><style>.tatsu-4glojid9My .tatsu-section-pad{padding: 50px 0px 13px 0px;}.tatsu-4glojid9My .tatsu-section-offset-wrap{transform: translateY(-0px);}.tatsu-4glojid9My > .tatsu-bottom-divider{z-index: 9999;}.tatsu-4glojid9My > .tatsu-top-divider{z-index: 9999;}.tatsu-4glojid9My .tatsu-section-overlay{mix-blend-mode: normal;}<\/style><\/div><div  class=\"tatsu-HVwXREZUIj tatsu-section  tatsu-bg-overlay   tatsu-clearfix\" data-title=\"\"  data-headerscheme=\"background--dark\"><div class='tatsu-section-pad clearfix' data-padding='{\"d\":\"0px 0px 8px 0px\"}' data-padding-top='0px'><div class=\"tatsu-row-wrap  tatsu-wrap tatsu-row-one-col tatsu-row-has-one-cols tatsu-medium-gutter tatsu-reg-cols  tatsu-clearfix tatsu-YhifmHeN09\" ><div  class=\"tatsu-row \" ><div  class=\"tatsu-column  tatsu-bg-overlay tatsu-one-col tatsu-column-image-none tatsu-column-effect-none  tatsu-qUf36cSbm\"  data-parallax-speed=\"0\" style=\"\"><div class=\"tatsu-column-inner \" ><div class=\"tatsu-column-pad-wrap\"><div class=\"tatsu-column-pad\" ><div  class=\"special-subtitle-wrap  tatsu-Jf3ioVoKI  \"  ><div class=\"align-center\"><span class=\"special-subtitle\" >M\u00fc\u015fterilerimizin gereksinimlerine g\u00f6re \u00f6zel olarak yarat\u0131lan ve uygulanan yenilik\u00e7i ve en iyi \u00e7\u00f6z\u00fcmleri sunuyoruz. En son trendleri takip ediyoruz ama her zaman benzersiz bir ileti\u015fim yolu sa\u011fl\u0131yoruz ...<br \/>\n<\/span><\/div><style>.tatsu-Jf3ioVoKI .special-subtitle{font-size: 18px;color: rgba(107,107,107,1) ;width: 100%;}.tatsu-Jf3ioVoKI.special-subtitle-wrap{margin-bottom: 10px;}<\/style><\/div><\/div><\/div><div class = \"tatsu-column-bg-image-wrap\"><div class = \"tatsu-column-bg-image\" ><\/div><\/div><div class=\"tatsu-overlay tatsu-column-overlay tatsu-animate-none\" ><\/div><\/div><style>.tatsu-row > .tatsu-qUf36cSbm.tatsu-column{width: 100%;}.tatsu-qUf36cSbm.tatsu-column > .tatsu-column-inner > .tatsu-column-overlay{mix-blend-mode: normal;}.tatsu-qUf36cSbm > .tatsu-column-inner > .tatsu-top-divider{z-index: 9999;}.tatsu-qUf36cSbm > .tatsu-column-inner > .tatsu-bottom-divider{z-index: 9999;}.tatsu-qUf36cSbm > .tatsu-column-inner > .tatsu-left-divider{z-index: 9999;}.tatsu-qUf36cSbm > .tatsu-column-inner > .tatsu-right-divider{z-index: 9999;}@media only screen and (max-width:1377px) {.tatsu-row > .tatsu-qUf36cSbm.tatsu-column{width: 100%;}}@media only screen and (min-width:768px) and (max-width: 1024px) {.tatsu-row > .tatsu-qUf36cSbm.tatsu-column{width: 100%;}}@media only screen and (max-width: 767px) {.tatsu-row > .tatsu-qUf36cSbm.tatsu-column{width: 100%;}}<\/style><\/div><\/div><\/div><\/div><div class=\"tatsu-section-background-wrap\"><div class = \"tatsu-section-background\" ><\/div><\/div><div class=\"tatsu-overlay tatsu-section-overlay\"><\/div><style>.tatsu-HVwXREZUIj .tatsu-section-pad{padding: 0px 0px 8px 0px;}.tatsu-HVwXREZUIj .tatsu-section-offset-wrap{transform: translateY(-0px);}.tatsu-HVwXREZUIj > .tatsu-bottom-divider{z-index: 9999;}.tatsu-HVwXREZUIj > .tatsu-top-divider{z-index: 9999;}.tatsu-HVwXREZUIj .tatsu-section-overlay{mix-blend-mode: normal;}<\/style><\/div><div  class=\"tatsu-khbVA1NdJf tatsu-section  tatsu-bg-overlay   tatsu-clearfix\" data-title=\"\"  data-headerscheme=\"background--dark\"><div class='tatsu-section-pad clearfix' data-padding='{\"d\":\"3px 0px 0px 0px\"}' data-padding-top='3px'><\/div><div class=\"tatsu-section-background-wrap\"><div class = \"tatsu-section-background\" ><\/div><\/div><div class=\"tatsu-overlay tatsu-section-overlay\"><\/div><style>.tatsu-khbVA1NdJf .tatsu-section-pad{padding: 3px 0px 0px 0px;}.tatsu-khbVA1NdJf .tatsu-section-offset-wrap{transform: translateY(-0px);}.tatsu-khbVA1NdJf > .tatsu-bottom-divider{z-index: 9999;}.tatsu-khbVA1NdJf > .tatsu-top-divider{z-index: 9999;}.tatsu-khbVA1NdJf .tatsu-section-overlay{mix-blend-mode: normal;}<\/style><\/div><div  class=\"tatsu-fqowy0lnrz1mh5xv tatsu-section  tatsu-bg-overlay   tatsu-clearfix\" data-title=\"\"  data-headerscheme=\"background--dark\"><div class='tatsu-section-pad clearfix' data-padding='{\"d\":\"0px 0% 60px 0%\"}' data-padding-top='0px'><div class=\"tatsu-row-wrap  tatsu-wrap tatsu-row-one-col tatsu-row-has-one-cols tatsu-medium-gutter tatsu-reg-cols  tatsu-clearfix tatsu-fqowy0lns77vs2ay\" ><div  class=\"tatsu-row \" ><div  class=\"tatsu-column  tatsu-bg-overlay tatsu-one-col tatsu-animate tatsu-column-image-none tatsu-column-effect-none  tatsu-fqowy0lnsdamfkz6\" data-animation=\"flipInX\"   data-parallax-speed=\"0\" style=\"\"><div class=\"tatsu-column-inner \" ><div class=\"tatsu-column-pad-wrap\"><div class=\"tatsu-column-pad\" ><div class=\"oshine-module oshine-am-fh display-block  tatsu-fqowy0lnsoaa87zb\"><style>.tatsu-fqowy0lnsoaa87zb .animate-icon-module-style1-wrap{height: 200px;}.tatsu-fqowy0lnsoaa87zb .animate-icon-module-style1{margin-bottom: 30px;}<\/style><div class=\"animate-icon-module-style1-wrap-container\"><div class=\"animate-icon-module-style1-wrap clearfix\" data-gutter-width=\"30\"><a  href=\"https:\/\/re-public.ba\/tr\/hizmetler\/halkla-i%cc%87li%cc%87ski%cc%87ler\/\" class=\"animate-icon-module-style1 be-bg-cover animate-icon-module  top-animate tatsu-fqowy0lnsu75ssty   \" ><style>.tatsu-fqowy0lnsu75ssty .font-icon{font-size: 20px;color: #ffffff ;}.tatsu-fqowy0lnsu75ssty .title_content{color: #ffffff ;}.tatsu-fqowy0lnsu75ssty{background-color: rgba(228,28,36,1);}.tatsu-fqowy0lnsu75ssty:hover{background-color: rgba(215,215,215,1);}<\/style><div class=\"animate-icon-module-normal-content\"><div class=\"display-table\"><div class=\"display-table-cell vertical-align-middle\"><i class=\"font-icon \" ><\/i><h2  class=\"title_content\" >Halkla ili\u015fkiler<\/h2><\/div><\/div><\/div><div class=\"animate-icon-module-hover-content\"><div class=\"display-table\"><div class=\"display-table-cell vertical-align-middle\">\n<p><span style=\"color: #222222;\">Halkla ili\u015fkilerde uzun y\u0131llara dayanan deneyim<\/span><\/p>\n<\/div><\/div><\/div><\/a><a  href=\"https:\/\/re-public.ba\/tr\/hizmetler\/anali%cc%87z-ve-arastirma\/\" class=\"animate-icon-module-style1 be-bg-cover animate-icon-module  top-animate tatsu-fqowy0lnvezxx4y   \" ><style>.tatsu-fqowy0lnvezxx4y .font-icon{font-size: 20px;color: #ffffff ;}.tatsu-fqowy0lnvezxx4y .title_content{color: #ffffff ;}.tatsu-fqowy0lnvezxx4y{background-color: rgba(56,56,56,1);}.tatsu-fqowy0lnvezxx4y:hover{background-color: rgba(215,215,215,1);}<\/style><div class=\"animate-icon-module-normal-content\"><div class=\"display-table\"><div class=\"display-table-cell vertical-align-middle\"><i class=\"font-icon \" ><\/i><h2  class=\"title_content\" >Analiz ve ara\u015ft\u0131rma<\/h2><\/div><\/div><\/div><div class=\"animate-icon-module-hover-content\"><div class=\"display-table\"><div class=\"display-table-cell vertical-align-middle\">\n<p><span style=\"color: #222222;\">Her ba\u015far\u0131l\u0131 strateji analiz ve ara\u015ft\u0131rmaya dayan\u0131r<\/span><\/p>\n<\/div><\/div><\/div><\/a><a  href=\"https:\/\/re-public.ba\/tr\/hizmetler\/tasarim\/\" class=\"animate-icon-module-style1 be-bg-cover animate-icon-module  top-animate tatsu-fqowy0lnyb95806l   \" ><style>.tatsu-fqowy0lnyb95806l .font-icon{font-size: 20px;color: #ffffff ;}.tatsu-fqowy0lnyb95806l .title_content{color: #ffffff ;}.tatsu-fqowy0lnyb95806l{background-color: rgba(228,28,36,1);}.tatsu-fqowy0lnyb95806l:hover{background-color: rgba(215,215,215,1);}<\/style><div class=\"animate-icon-module-normal-content\"><div class=\"display-table\"><div class=\"display-table-cell vertical-align-middle\"><i class=\"font-icon \" ><\/i><h2  class=\"title_content\" >Tasarim<\/h2><\/div><\/div><\/div><div class=\"animate-icon-module-hover-content\"><div class=\"display-table\"><div class=\"display-table-cell vertical-align-middle\">\n<p><span style=\"color: #222222;\">Tavizsiz Republic tasar\u0131m\u0131<\/span><\/p>\n<\/div><\/div><\/div><\/a><\/div><\/div><\/div><\/div><\/div><div class = \"tatsu-column-bg-image-wrap\"><div class = \"tatsu-column-bg-image\" ><\/div><\/div><div class=\"tatsu-overlay tatsu-column-overlay tatsu-animate-none\" ><\/div><\/div><style>.tatsu-row > .tatsu-fqowy0lnsdamfkz6.tatsu-column{width: 100%;}.tatsu-fqowy0lnsdamfkz6.tatsu-column > .tatsu-column-inner > .tatsu-column-pad-wrap > .tatsu-column-pad{padding: 10px 10px 0px 10px;}.tatsu-fqowy0lnsdamfkz6.tatsu-column{margin: 0px 0px 0px !important;}.tatsu-fqowy0lnsdamfkz6.tatsu-column > .tatsu-column-inner > .tatsu-column-overlay{mix-blend-mode: normal;}.tatsu-fqowy0lnsdamfkz6 > .tatsu-column-inner > .tatsu-top-divider{z-index: 9999;}.tatsu-fqowy0lnsdamfkz6 > .tatsu-column-inner > .tatsu-bottom-divider{z-index: 9999;}.tatsu-fqowy0lnsdamfkz6 > .tatsu-column-inner > .tatsu-left-divider{z-index: 9999;}.tatsu-fqowy0lnsdamfkz6 > .tatsu-column-inner > .tatsu-right-divider{z-index: 9999;}<\/style><\/div><\/div><\/div><div class=\"tatsu-row-wrap  tatsu-wrap tatsu-row-one-col tatsu-row-has-one-cols tatsu-medium-gutter tatsu-reg-cols  tatsu-clearfix tatsu-7BTVHLxux\" ><div  class=\"tatsu-row \" ><div  class=\"tatsu-column  tatsu-bg-overlay tatsu-one-col tatsu-animate tatsu-column-image-none tatsu-column-effect-none  tatsu-miJYS3WOv8\" data-animation=\"flipInX\"   data-parallax-speed=\"0\" style=\"\"><div class=\"tatsu-column-inner \" ><div class=\"tatsu-column-pad-wrap\"><div class=\"tatsu-column-pad\" ><div class=\"oshine-module oshine-am-fh display-block  tatsu-245FoHNJT5\"><style>.tatsu-245FoHNJT5 .animate-icon-module-style1-wrap{height: 200px;}.tatsu-245FoHNJT5 .animate-icon-module-style1{margin-bottom: 30px;}<\/style><div class=\"animate-icon-module-style1-wrap-container\"><div class=\"animate-icon-module-style1-wrap clearfix\" data-gutter-width=\"30\"><a  href=\"https:\/\/re-public.ba\/tr\/hizmetler\/produksi%cc%87yon\/\" class=\"animate-icon-module-style1 be-bg-cover animate-icon-module  top-animate tatsu-HkH8AKAlpE   \" ><style>.tatsu-HkH8AKAlpE .font-icon{font-size: 20px;color: #ffffff ;}.tatsu-HkH8AKAlpE .title_content{color: #ffffff ;}.tatsu-HkH8AKAlpE{background-color: rgba(56,56,56,1);}.tatsu-HkH8AKAlpE:hover{background-color: rgba(215,215,215,1);}<\/style><div class=\"animate-icon-module-normal-content\"><div class=\"display-table\"><div class=\"display-table-cell vertical-align-middle\"><i class=\"font-icon \" ><\/i><h2  class=\"title_content\" >Prod\u00fcksiyon<\/h2><\/div><\/div><\/div><div class=\"animate-icon-module-hover-content\"><div class=\"display-table\"><div class=\"display-table-cell vertical-align-middle\">\n<p><span style=\"color: #222222;\"> Prod\u00fcksiyon Saraybosna &#8211; Pazarlama ajans\u0131 Republic<\/span><\/p>\n<\/div><\/div><\/div><\/a><a  href=\"https:\/\/re-public.ba\/tr\/hizmetler\/dijital-pazarlama\/\" class=\"animate-icon-module-style1 be-bg-cover animate-icon-module  top-animate tatsu-IKFRrhiBG5   \" ><style>.tatsu-IKFRrhiBG5 .font-icon{font-size: 20px;color: #ffffff ;}.tatsu-IKFRrhiBG5 .title_content{color: #ffffff ;}.tatsu-IKFRrhiBG5{background-color: rgba(228,28,36,1);}.tatsu-IKFRrhiBG5:hover{background-color: rgba(215,215,215,1);}<\/style><div class=\"animate-icon-module-normal-content\"><div class=\"display-table\"><div class=\"display-table-cell vertical-align-middle\"><i class=\"font-icon \" ><\/i><h2  class=\"title_content\" >Dijital Pazarlama<\/h2><\/div><\/div><\/div><div class=\"animate-icon-module-hover-content\"><div class=\"display-table\"><div class=\"display-table-cell vertical-align-middle\">\n<p><span style=\"color: #222222;\">Sosyal a\u011flar\u0131n\u0131z\u0131 profesyonelce ve b\u00fcy\u00fck bir \u00f6zenle y\u00f6netecek <\/span><\/p>\n<\/div><\/div><\/div><\/a><a  href=\"https:\/\/re-public.ba\/tr\/hizmetler\/etki%cc%87nli%cc%87k-organi%cc%87zasyonu\/\" class=\"animate-icon-module-style1 be-bg-cover animate-icon-module  top-animate tatsu-AwyFO-0V79   \" ><style>.tatsu-AwyFO-0V79 .font-icon{font-size: 20px;color: #ffffff ;}.tatsu-AwyFO-0V79 .title_content{color: #ffffff ;}.tatsu-AwyFO-0V79{background-color: rgba(56,56,56,1);}.tatsu-AwyFO-0V79:hover{background-color: rgba(215,215,215,1);}<\/style><div class=\"animate-icon-module-normal-content\"><div class=\"display-table\"><div class=\"display-table-cell vertical-align-middle\"><i class=\"font-icon \" ><\/i><h2  class=\"title_content\" >Etkinlik organizasyonu<\/h2><\/div><\/div><\/div><div class=\"animate-icon-module-hover-content\"><div class=\"display-table\"><div class=\"display-table-cell vertical-align-middle\">\n<p><span style=\"color: #222222;\">REPUBLIC \u2013 etkinli\u011finizi d\u00fczenlemek i\u00e7in en iyi se\u00e7enek<\/span><\/p>\n<\/div><\/div><\/div><\/a><\/div><\/div><\/div><\/div><\/div><div class = \"tatsu-column-bg-image-wrap\"><div class = \"tatsu-column-bg-image\" ><\/div><\/div><div class=\"tatsu-overlay tatsu-column-overlay tatsu-animate-none\" ><\/div><\/div><style>.tatsu-row > .tatsu-miJYS3WOv8.tatsu-column{width: 100%;}.tatsu-miJYS3WOv8.tatsu-column > .tatsu-column-inner > .tatsu-column-pad-wrap > .tatsu-column-pad{padding: 10px 10px 0px 10px;}.tatsu-miJYS3WOv8.tatsu-column{margin: 0px 0px 0px !important;}.tatsu-miJYS3WOv8.tatsu-column > .tatsu-column-inner > .tatsu-column-overlay{mix-blend-mode: normal;}.tatsu-miJYS3WOv8 > .tatsu-column-inner > .tatsu-top-divider{z-index: 9999;}.tatsu-miJYS3WOv8 > .tatsu-column-inner > .tatsu-bottom-divider{z-index: 9999;}.tatsu-miJYS3WOv8 > .tatsu-column-inner > .tatsu-left-divider{z-index: 9999;}.tatsu-miJYS3WOv8 > .tatsu-column-inner > .tatsu-right-divider{z-index: 9999;}<\/style><\/div><\/div><\/div><\/div><div class=\"tatsu-section-background-wrap\"><div class = \"tatsu-section-background\" ><\/div><\/div><div class=\"tatsu-overlay tatsu-section-overlay\"><\/div><style>.tatsu-fqowy0lnrz1mh5xv .tatsu-section-pad{padding: 0px 0% 60px 0%;}.tatsu-fqowy0lnrz1mh5xv > .tatsu-bottom-divider{z-index: 9999;}.tatsu-fqowy0lnrz1mh5xv > .tatsu-top-divider{z-index: 9999;}.tatsu-fqowy0lnrz1mh5xv .tatsu-section-overlay{mix-blend-mode: normal;}<\/style><\/div>\n","protected":false},"excerpt":{"rendered":"<p><a href=\"https:\/\/re-public.ba\/tr\/hizmetler\/\" class=\"more-link style2-button\">Read More<\/a><\/p>","protected":false},"author":1,"featured_media":0,"parent":0,"menu_order":0,"comment_status":"closed","ping_status":"closed","template":"","meta":[],"yoast_head":"<!-- This site is optimized with the Yoast SEO plugin v18.6 - https:\/\/yoast.com\/wordpress\/plugins\/seo\/ -->\n<title>Hizmetler Pazarlama ve PR ajans\u0131 Republic Saraybosna, Bosna Hersek<\/title>\n<meta name=\"description\" content=\"En iyi \u00e7\u00f6z\u00fcmler - Halkla i\u0307li\u0307\u015fki\u0307ler, Anali\u0307z ve ara\u015ftirma, Tasarim, Prod\u00fcksi\u0307yon, Di\u0307ji\u0307tal pazarlama, Etki\u0307nli\u0307k organi\u0307zasyonu\" \/>\n<meta name=\"robots\" content=\"index, follow, max-snippet:-1, max-image-preview:large, max-video-preview:-1\" \/>\n<link rel=\"canonical\" href=\"https:\/\/re-public.ba\/tr\/hizmetler\/\" \/>\n<meta property=\"og:locale\" content=\"tr_TR\" \/>\n<meta property=\"og:type\" content=\"article\" \/>\n<meta property=\"og:title\" content=\"Hizmetler Pazarlama ve PR ajans\u0131 Republic Saraybosna, Bosna Hersek\" \/>\n<meta property=\"og:description\" content=\"En iyi \u00e7\u00f6z\u00fcmler - Halkla i\u0307li\u0307\u015fki\u0307ler, Anali\u0307z ve ara\u015ftirma, Tasarim, Prod\u00fcksi\u0307yon, Di\u0307ji\u0307tal pazarlama, Etki\u0307nli\u0307k organi\u0307zasyonu\" \/>\n<meta property=\"og:url\" content=\"https:\/\/re-public.ba\/tr\/hizmetler\/\" \/>\n<meta property=\"og:site_name\" content=\"Republic\" \/>\n<meta property=\"article:publisher\" content=\"https:\/\/www.facebook.com\/republicagencijabih\" \/>\n<meta property=\"article:modified_time\" content=\"2021-01-07T05:38:58+00:00\" \/>\n<meta property=\"og:image\" content=\"https:\/\/re-public.ba\/wp-content\/uploads\/2020\/12\/Najbolja-marketing-rjesenja-Republic-marketing-i-PR-agencija.jpg\" \/>\n\t<meta property=\"og:image:width\" content=\"960\" \/>\n\t<meta property=\"og:image:height\" content=\"540\" \/>\n\t<meta property=\"og:image:type\" content=\"image\/jpeg\" \/>\n<meta name=\"twitter:card\" content=\"summary_large_image\" \/>\n<meta name=\"twitter:label1\" content=\"Est. reading time\" \/>\n\t<meta name=\"twitter:data1\" content=\"15 minutes\" \/>\n<script type=\"application\/ld+json\" class=\"yoast-schema-graph\">{\"@context\":\"https:\/\/schema.org\",\"@graph\":[{\"@type\":\"WebSite\",\"@id\":\"https:\/\/re-public.ba\/#website\",\"url\":\"https:\/\/re-public.ba\/\",\"name\":\"Republic\",\"description\":\"Marketing agencija Sarajevo\",\"potentialAction\":[{\"@type\":\"SearchAction\",\"target\":{\"@type\":\"EntryPoint\",\"urlTemplate\":\"https:\/\/re-public.ba\/?s={search_term_string}\"},\"query-input\":\"required name=search_term_string\"}],\"inLanguage\":\"tr-TR\"},{\"@type\":\"WebPage\",\"@id\":\"https:\/\/re-public.ba\/tr\/hizmetler\/#webpage\",\"url\":\"https:\/\/re-public.ba\/tr\/hizmetler\/\",\"name\":\"Hizmetler Pazarlama ve PR ajans\u0131 Republic Saraybosna, Bosna Hersek\",\"isPartOf\":{\"@id\":\"https:\/\/re-public.ba\/#website\"},\"datePublished\":\"2020-12-13T15:44:15+00:00\",\"dateModified\":\"2021-01-07T05:38:58+00:00\",\"description\":\"En iyi \u00e7\u00f6z\u00fcmler - Halkla i\u0307li\u0307\u015fki\u0307ler, Anali\u0307z ve ara\u015ftirma, Tasarim, Prod\u00fcksi\u0307yon, Di\u0307ji\u0307tal pazarlama, Etki\u0307nli\u0307k organi\u0307zasyonu\",\"breadcrumb\":{\"@id\":\"https:\/\/re-public.ba\/tr\/hizmetler\/#breadcrumb\"},\"inLanguage\":\"tr-TR\",\"potentialAction\":[{\"@type\":\"ReadAction\",\"target\":[\"https:\/\/re-public.ba\/tr\/hizmetler\/\"]}]},{\"@type\":\"BreadcrumbList\",\"@id\":\"https:\/\/re-public.ba\/tr\/hizmetler\/#breadcrumb\",\"itemListElement\":[{\"@type\":\"ListItem\",\"position\":1,\"name\":\"Hizmetler\"}]}]}<\/script>\n<!-- \/ Yoast SEO plugin. -->","yoast_head_json":{"title":"Hizmetler Pazarlama ve PR ajans\u0131 Republic Saraybosna, Bosna Hersek","description":"En iyi \u00e7\u00f6z\u00fcmler - Halkla i\u0307li\u0307\u015fki\u0307ler, Anali\u0307z ve ara\u015ftirma, Tasarim, Prod\u00fcksi\u0307yon, Di\u0307ji\u0307tal pazarlama, Etki\u0307nli\u0307k organi\u0307zasyonu","robots":{"index":"index","follow":"follow","max-snippet":"max-snippet:-1","max-image-preview":"max-image-preview:large","max-video-preview":"max-video-preview:-1"},"canonical":"https:\/\/re-public.ba\/tr\/hizmetler\/","og_locale":"tr_TR","og_type":"article","og_title":"Hizmetler Pazarlama ve PR ajans\u0131 Republic Saraybosna, Bosna Hersek","og_description":"En iyi \u00e7\u00f6z\u00fcmler - Halkla i\u0307li\u0307\u015fki\u0307ler, Anali\u0307z ve ara\u015ftirma, Tasarim, Prod\u00fcksi\u0307yon, Di\u0307ji\u0307tal pazarlama, Etki\u0307nli\u0307k organi\u0307zasyonu","og_url":"https:\/\/re-public.ba\/tr\/hizmetler\/","og_site_name":"Republic","article_publisher":"https:\/\/www.facebook.com\/republicagencijabih","article_modified_time":"2021-01-07T05:38:58+00:00","og_image":[{"width":960,"height":540,"url":"https:\/\/re-public.ba\/wp-content\/uploads\/2020\/12\/Najbolja-marketing-rjesenja-Republic-marketing-i-PR-agencija.jpg","type":"image\/jpeg"}],"twitter_card":"summary_large_image","twitter_misc":{"Est. reading time":"15 minutes"},"schema":{"@context":"https:\/\/schema.org","@graph":[{"@type":"WebSite","@id":"https:\/\/re-public.ba\/#website","url":"https:\/\/re-public.ba\/","name":"Republic","description":"Marketing agencija Sarajevo","potentialAction":[{"@type":"SearchAction","target":{"@type":"EntryPoint","urlTemplate":"https:\/\/re-public.ba\/?s={search_term_string}"},"query-input":"required name=search_term_string"}],"inLanguage":"tr-TR"},{"@type":"WebPage","@id":"https:\/\/re-public.ba\/tr\/hizmetler\/#webpage","url":"https:\/\/re-public.ba\/tr\/hizmetler\/","name":"Hizmetler Pazarlama ve PR ajans\u0131 Republic Saraybosna, Bosna Hersek","isPartOf":{"@id":"https:\/\/re-public.ba\/#website"},"datePublished":"2020-12-13T15:44:15+00:00","dateModified":"2021-01-07T05:38:58+00:00","description":"En iyi \u00e7\u00f6z\u00fcmler - Halkla i\u0307li\u0307\u015fki\u0307ler, Anali\u0307z ve ara\u015ftirma, Tasarim, Prod\u00fcksi\u0307yon, Di\u0307ji\u0307tal pazarlama, Etki\u0307nli\u0307k organi\u0307zasyonu","breadcrumb":{"@id":"https:\/\/re-public.ba\/tr\/hizmetler\/#breadcrumb"},"inLanguage":"tr-TR","potentialAction":[{"@type":"ReadAction","target":["https:\/\/re-public.ba\/tr\/hizmetler\/"]}]},{"@type":"BreadcrumbList","@id":"https:\/\/re-public.ba\/tr\/hizmetler\/#breadcrumb","itemListElement":[{"@type":"ListItem","position":1,"name":"Hizmetler"}]}]}},"_links":{"self":[{"href":"https:\/\/re-public.ba\/tr\/wp-json\/wp\/v2\/pages\/1225"}],"collection":[{"href":"https:\/\/re-public.ba\/tr\/wp-json\/wp\/v2\/pages"}],"about":[{"href":"https:\/\/re-public.ba\/tr\/wp-json\/wp\/v2\/types\/page"}],"author":[{"embeddable":true,"href":"https:\/\/re-public.ba\/tr\/wp-json\/wp\/v2\/users\/1"}],"replies":[{"embeddable":true,"href":"https:\/\/re-public.ba\/tr\/wp-json\/wp\/v2\/comments?post=1225"}],"version-history":[{"count":4,"href":"https:\/\/re-public.ba\/tr\/wp-json\/wp\/v2\/pages\/1225\/revisions"}],"predecessor-version":[{"id":1344,"href":"https:\/\/re-public.ba\/tr\/wp-json\/wp\/v2\/pages\/1225\/revisions\/1344"}],"wp:attachment":[{"href":"https:\/\/re-public.ba\/tr\/wp-json\/wp\/v2\/media?parent=1225"}],"curies":[{"name":"wp","href":"https:\/\/api.w.org\/{rel}","templated":true}]}}