{"id":1233,"date":"2020-12-04T09:03:07","date_gmt":"2020-12-04T09:03:07","guid":{"rendered":"https:\/\/re-public.ba\/hizmetler\/dizajn\/"},"modified":"2022-05-01T06:58:21","modified_gmt":"2022-05-01T06:58:21","slug":"tasarim","status":"publish","type":"page","link":"https:\/\/re-public.ba\/tr\/hizmetler\/tasarim\/","title":{"rendered":"Tasarim"},"content":{"rendered":"<div  class=\"tatsu-fqowmhqju33wnxyk tatsu-section  tatsu-fullscreen tatsu-video-section tatsu-bg-overlay   tatsu-clearfix\" data-title=\"\"  data-headerscheme=\"background--dark\"><div class=\"tatsu-fullscreen-wrap\"><div class='tatsu-section-pad clearfix' data-padding='{\"d\":\"90px 0% 90px 0%\"}' data-padding-top='90px'><div class=\"tatsu-row-wrap  tatsu-wrap tatsu-row-one-col tatsu-row-has-one-cols tatsu-medium-gutter tatsu-reg-cols  tatsu-clearfix tatsu-RbLPr6fuJO\" ><style>.tatsu-RbLPr6fuJO > .tatsu-row{margin-top: 100px;}.tatsu-RbLPr6fuJO.tatsu-row-wrap > .tatsu-row{margin-bottom: 0px;}<\/style><div  class=\"tatsu-row \" ><div  class=\"tatsu-column  tatsu-bg-overlay tatsu-one-col tatsu-column-image-none tatsu-column-effect-none  tatsu-L0wAkTemm\"  data-parallax-speed=\"0\" style=\"\"><div class=\"tatsu-column-inner \" ><div class=\"tatsu-column-pad-wrap\"><div class=\"tatsu-column-pad\" ><div  class=\"tatsu-module tatsu-text-block-wrap tatsu-KAvwpSkPO  \"><div class=\"tatsu-text-inner tatsu-align-center  clearfix\" ><style>.tatsu-KAvwpSkPO.tatsu-text-block-wrap .tatsu-text-inner{width: 100%;text-align: center;color: rgba(255,255,255,1) ;}.tatsu-KAvwpSkPO .tatsu-text-inner *{color: rgba(255,255,255,1) ;}.tatsu-KAvwpSkPO.tatsu-text-block-wrap .tatsu-text-inner *{font-family : \"Roboto\",-apple-system,BlinkMacSystemFont,'Segoe UI',Roboto,Oxygen-Sans,Ubuntu,Cantarell,'Helvetica Neue',sans-serif;font-weight : 400;font-style : italic;text-transform : none;font-size : 40px;line-height : 33px;}@media only screen and (max-width:1377px) {.tatsu-KAvwpSkPO.tatsu-text-block-wrap .tatsu-text-inner *{font-family : \"Roboto\",-apple-system,BlinkMacSystemFont,'Segoe UI',Roboto,Oxygen-Sans,Ubuntu,Cantarell,'Helvetica Neue',sans-serif;font-weight : 400;font-style : italic;text-transform : none;font-size : 36px;line-height : 32px;}}@media only screen and (min-width:768px) and (max-width: 1024px) {.tatsu-KAvwpSkPO.tatsu-text-block-wrap .tatsu-text-inner *{font-family : \"Roboto\",-apple-system,BlinkMacSystemFont,'Segoe UI',Roboto,Oxygen-Sans,Ubuntu,Cantarell,'Helvetica Neue',sans-serif;font-weight : 400;font-style : italic;text-transform : none;font-size : 34px;line-height : 32px;}}@media only screen and (max-width: 767px) {.tatsu-KAvwpSkPO.tatsu-text-block-wrap .tatsu-text-inner *{font-family : \"Roboto\",-apple-system,BlinkMacSystemFont,'Segoe UI',Roboto,Oxygen-Sans,Ubuntu,Cantarell,'Helvetica Neue',sans-serif;font-weight : 400;font-style : italic;text-transform : none;font-size : 28px;line-height : 30px;}}<\/style>\n<p><a title=\"Tavizsiz Republic tasar\u0131m\u0131\" href=\"https:\/\/re-public.ba\/tr\/hizmetler\/tasarim\/#sarajevo\">Tavizsiz Republic tasar\u0131m\u0131<\/a><\/p>\n<p style=\"text-align: center;\"><a title=\"Tasarim Saraybosna - Pazarlama ajans\u0131 Republic, Saraybosna\" href=\"https:\/\/re-public.ba\/tr\/hizmetler\/tasarim\/#sarajevo\"><img loading=\"lazy\" class=\"alignnone size-full wp-image-770\" title=\"Tasarim Saraybosna - Pazarlama ajans\u0131 Republic, Saraybosna\" src=\"https:\/\/re-public.ba\/wp-content\/uploads\/2020\/12\/Dizajn-Sarajevo-Marketing-agencija-Republic.gif\" alt=\"Tasarim Saraybosna - Pazarlama ajans\u0131 Republic, Saraybosna\" width=\"52\" height=\"44\" srcset=\"https:\/\/re-public.ba\/wp-content\/uploads\/2020\/12\/Dizajn-Sarajevo-Marketing-agencija-Republic.gif 52w, https:\/\/re-public.ba\/wp-content\/uploads\/2020\/12\/Dizajn-Sarajevo-Marketing-agencija-Republic-50x42.gif 50w\" sizes=\"(max-width: 52px) 100vw, 52px\" \/><\/a><\/p>\n<\/div><\/div><\/div><\/div><div class = \"tatsu-column-bg-image-wrap\"><div class = \"tatsu-column-bg-image\" ><\/div><\/div><div class=\"tatsu-overlay tatsu-column-overlay tatsu-animate-none\" ><\/div><\/div><style>.tatsu-row > .tatsu-L0wAkTemm.tatsu-column{width: 100%;}.tatsu-L0wAkTemm.tatsu-column > .tatsu-column-inner > .tatsu-column-overlay{mix-blend-mode: normal;}.tatsu-L0wAkTemm > .tatsu-column-inner > .tatsu-top-divider{z-index: 9999;}.tatsu-L0wAkTemm > .tatsu-column-inner > .tatsu-bottom-divider{z-index: 9999;}.tatsu-L0wAkTemm > .tatsu-column-inner > .tatsu-left-divider{z-index: 9999;}.tatsu-L0wAkTemm > .tatsu-column-inner > .tatsu-right-divider{z-index: 9999;}@media only screen and (max-width:1377px) {.tatsu-row > .tatsu-L0wAkTemm.tatsu-column{width: 100%;}}@media only screen and (min-width:768px) and (max-width: 1024px) {.tatsu-row > .tatsu-L0wAkTemm.tatsu-column{width: 100%;}}@media only screen and (max-width: 767px) {.tatsu-row > .tatsu-L0wAkTemm.tatsu-column{width: 100%;}}<\/style><\/div><\/div><\/div><\/div><div class=\"tatsu-section-background-wrap\"><div class = \"tatsu-section-background\" ><\/div><\/div><video class=\"tatsu-bg-video\" autoplay=\"autoplay\" loop=\"loop\" muted=\"muted\" preload=\"auto\" playsinline webkit-playsinline><source src=\"https:\/\/re-public.ba\/wp-content\/uploads\/2020\/12\/Dizajn-Marketing-agencija-Sarajevo-Republic.mp4\" type=\"video\/mp4\"><\/video><div class=\"tatsu-overlay tatsu-section-overlay\"><\/div><\/div><style>.tatsu-fqowmhqju33wnxyk.tatsu-section{background-color: #3f3f3f;margin: -100px 0px 0px 0px;}.tatsu-fqowmhqju33wnxyk{border-width: 0px 0px px 0px;border-style: solid;}.tatsu-fqowmhqju33wnxyk .tatsu-section-pad{padding: 90px 0% 90px 0%;}.tatsu-fqowmhqju33wnxyk > .tatsu-bottom-divider{z-index: 9999;}.tatsu-fqowmhqju33wnxyk > .tatsu-top-divider{z-index: 9999;}.tatsu-fqowmhqju33wnxyk .tatsu-section-overlay{background: rgba(0,0,0,0.35);mix-blend-mode: normal;}.tatsu-fqowmhqju33wnxyk .tatsu-fullscreen-wrap{align-items: center;}<\/style><\/div><div id=\"sarajevo\" class=\"tatsu-fqowmhqs934ji0h tatsu-section    tatsu-clearfix\" data-title=\"Dizajn\"  data-headerscheme=\"background--dark\"><div class='tatsu-section-pad clearfix' data-padding='{\"d\":\"60px 0px 90px 0px\"}' data-padding-top='60px'><div class=\"tatsu-row-wrap  tatsu-wrap tatsu-row-one-col tatsu-row-has-one-cols tatsu-zero-margin tatsu-medium-gutter tatsu-reg-cols  tatsu-clearfix tatsu-fqowmhqsfj2phgv8\" ><div  class=\"tatsu-row \" ><div  class=\"tatsu-column  tatsu-column-no-bg tatsu-one-col tatsu-column-image-none tatsu-column-effect-none  tatsu-fqowmhqskoavkgv6\"  data-parallax-speed=\"0\" style=\"\"><div class=\"tatsu-column-inner \" ><div class=\"tatsu-column-pad-wrap\"><div class=\"tatsu-column-pad\" ><div  class=\"tatsu-module tatsu-text-block-wrap tatsu-fqowmhqspp10np0g  \"><div class=\"tatsu-text-inner tatsu-align-center tatsu-animate clearfix\" data-animation=\"fadeInDown\"  ><style>.tatsu-fqowmhqspp10np0g.tatsu-text-block-wrap .tatsu-text-inner{width: 100%;text-align: left;}<\/style>\n<h1 style=\"text-align: center;\" title=\"Tasarim Saraybosna - Pazarlama ajans\u0131 Republic\">Tasarim<\/h1>\n<\/div><\/div><\/div><\/div><div class = \"tatsu-column-bg-image-wrap\"><div class = \"tatsu-column-bg-image\" ><\/div><\/div><\/div><style>.tatsu-row > .tatsu-fqowmhqskoavkgv6.tatsu-column{width: 100%;}.tatsu-fqowmhqskoavkgv6.tatsu-column > .tatsu-column-inner > .tatsu-column-overlay{mix-blend-mode: none;}.tatsu-fqowmhqskoavkgv6 > .tatsu-column-inner > .tatsu-top-divider{z-index: 9999;}.tatsu-fqowmhqskoavkgv6 > .tatsu-column-inner > .tatsu-bottom-divider{z-index: 9999;}.tatsu-fqowmhqskoavkgv6 > .tatsu-column-inner > .tatsu-left-divider{z-index: 9999;}.tatsu-fqowmhqskoavkgv6 > .tatsu-column-inner > .tatsu-right-divider{z-index: 9999;}<\/style><\/div><\/div><\/div><div class=\"tatsu-row-wrap  tatsu-wrap tatsu-row-one-col tatsu-row-has-one-cols tatsu-medium-gutter tatsu-reg-cols  tatsu-clearfix tatsu-fqowmhqtdv4yqnpo\" ><div  class=\"tatsu-row \" ><div  class=\"tatsu-column  tatsu-column-no-bg tatsu-one-col tatsu-column-image-none tatsu-column-effect-none  tatsu-fqowmhqtk187hlsy\"  data-parallax-speed=\"0\" style=\"\"><div class=\"tatsu-column-inner \" ><div class=\"tatsu-column-pad-wrap\"><div class=\"tatsu-column-pad\" ><div  class=\"tatsu-module tatsu-text-block-wrap tatsu-fqowmhqulqg1j6fi  \"><div class=\"tatsu-text-inner tatsu-align-center tatsu-animate clearfix\" data-animation=\"fadeInUp\"  ><style>.tatsu-fqowmhqulqg1j6fi.tatsu-text-block-wrap .tatsu-text-inner{width: 100%;text-align: left;}.tatsu-fqowmhqulqg1j6fi.tatsu-text-block-wrap{margin: 15px 0px 30px 0px;}<\/style>\n<p>Saraybosnal\u0131 pazarlama ajans\u0131 REPUBLIC, yarat\u0131c\u0131 piyasa estetik de\u011ferleri geli\u015ftiriyor. M\u00fc\u015fterilerimize pazarlama ve sat\u0131\u015f faaliyetlerinin stratejik hedeflerine veya marka stratejisinden \u00f6d\u00fcn vermeden olu\u015fturulmu\u015f bir tasar\u0131m sunuyoruz..<\/p>\n<\/div><\/div><\/div><\/div><div class = \"tatsu-column-bg-image-wrap\"><div class = \"tatsu-column-bg-image\" ><\/div><\/div><\/div><style>.tatsu-row > .tatsu-fqowmhqtk187hlsy.tatsu-column{width: 100%;}.tatsu-fqowmhqtk187hlsy.tatsu-column > .tatsu-column-inner > .tatsu-column-overlay{mix-blend-mode: none;}.tatsu-fqowmhqtk187hlsy > .tatsu-column-inner > .tatsu-top-divider{z-index: 9999;}.tatsu-fqowmhqtk187hlsy > .tatsu-column-inner > .tatsu-bottom-divider{z-index: 9999;}.tatsu-fqowmhqtk187hlsy > .tatsu-column-inner > .tatsu-left-divider{z-index: 9999;}.tatsu-fqowmhqtk187hlsy > .tatsu-column-inner > .tatsu-right-divider{z-index: 9999;}<\/style><\/div><\/div><\/div><div class=\"tatsu-row-wrap  tatsu-wrap tatsu-row-one-col tatsu-row-has-one-cols tatsu-zero-margin tatsu-medium-gutter tatsu-reg-cols  tatsu-clearfix tatsu-I1hdI2sx-\" ><style>.tatsu-I1hdI2sx-.tatsu-row-wrap > .tatsu-row{padding: 0px 0px 15px 0px;}<\/style><div  class=\"tatsu-row \" ><div  class=\"tatsu-column  tatsu-column-no-bg tatsu-one-col tatsu-column-image-none tatsu-column-effect-none  tatsu-nqw900qRTA\"  data-parallax-speed=\"0\" style=\"\"><div class=\"tatsu-column-inner \" ><div class=\"tatsu-column-pad-wrap\"><div class=\"tatsu-column-pad\" ><div  class=\"tatsu-module tatsu-text-block-wrap tatsu-gip6HcNIBp  \"><div class=\"tatsu-text-inner tatsu-align-center tatsu-animate clearfix\" data-animation=\"fadeInUp\"  ><style>.tatsu-gip6HcNIBp.tatsu-text-block-wrap .tatsu-text-inner{width: 100%;text-align: left;}<\/style>\n<h2 style=\"text-align: left;\" title=\"Tasar\u0131m hizmetleri:\">Tasar\u0131m hizmetleri:<\/h2>\n<\/div><\/div><\/div><\/div><div class = \"tatsu-column-bg-image-wrap\"><div class = \"tatsu-column-bg-image\" ><\/div><\/div><\/div><style>.tatsu-row > .tatsu-nqw900qRTA.tatsu-column{width: 100%;}.tatsu-nqw900qRTA.tatsu-column > .tatsu-column-inner > .tatsu-column-overlay{mix-blend-mode: none;}.tatsu-nqw900qRTA > .tatsu-column-inner > .tatsu-top-divider{z-index: 9999;}.tatsu-nqw900qRTA > .tatsu-column-inner > .tatsu-bottom-divider{z-index: 9999;}.tatsu-nqw900qRTA > .tatsu-column-inner > .tatsu-left-divider{z-index: 9999;}.tatsu-nqw900qRTA > .tatsu-column-inner > .tatsu-right-divider{z-index: 9999;}@media only screen and (max-width:1377px) {.tatsu-row > .tatsu-nqw900qRTA.tatsu-column{width: 100%;}}@media only screen and (min-width:768px) and (max-width: 1024px) {.tatsu-row > .tatsu-nqw900qRTA.tatsu-column{width: 100%;}}@media only screen and (max-width: 767px) {.tatsu-row > .tatsu-nqw900qRTA.tatsu-column{width: 100%;}}<\/style><\/div><\/div><\/div><div class=\"tatsu-row-wrap  tatsu-wrap tatsu-row-has-one-half tatsu-row-has-two-cols tatsu-medium-gutter tatsu-reg-cols  tatsu-clearfix tatsu-CoI7Xr-Za\" ><div  class=\"tatsu-row \" ><div  class=\"tatsu-column  tatsu-column-no-bg tatsu-one-half tatsu-column-image-none tatsu-column-effect-none  tatsu-y2Vj4IERF-\"  data-parallax-speed=\"0\" style=\"\"><div class=\"tatsu-column-inner \" ><div class=\"tatsu-column-pad-wrap\"><div class=\"tatsu-column-pad\" ><div  class=\"tatsu-module tatsu-text-block-wrap tatsu-MwlBZtLLfj  \"><div class=\"tatsu-text-inner tatsu-align-center tatsu-animate clearfix\" data-animation=\"fadeInUp\"  ><style>.tatsu-MwlBZtLLfj.tatsu-text-block-wrap .tatsu-text-inner{width: 100%;text-align: left;}.tatsu-MwlBZtLLfj.tatsu-text-block-wrap .tatsu-text-inner *{text-transform : none;letter-spacing : 1px;}<\/style>\n<ul class=\"listpad\">\n<li><em>Yarat\u0131c\u0131 \u00e7\u00f6z\u00fcmler<\/em><\/li>\n<li><em>Grafik tasar\u0131m\u0131<\/em><\/li>\n<li><em>Promosyon materyali \u00fcretimi<\/em><\/li>\n<li><em>Marka kitap\u00e7\u0131\u011f\u0131<\/em><\/li>\n<li><em>Yay\u0131nlar<\/em><\/li>\n<li><em>End\u00fcstriyel ve \u00fcr\u00fcn tasar\u0131m\u0131<\/em><\/li>\n<\/ul>\n<\/div><\/div><\/div><\/div><div class = \"tatsu-column-bg-image-wrap\"><div class = \"tatsu-column-bg-image\" ><\/div><\/div><\/div><style>.tatsu-row > .tatsu-y2Vj4IERF-.tatsu-column{width: 50%;}.tatsu-y2Vj4IERF-.tatsu-column > .tatsu-column-inner > .tatsu-column-overlay{mix-blend-mode: none;}.tatsu-y2Vj4IERF- > .tatsu-column-inner > .tatsu-top-divider{z-index: 9999;}.tatsu-y2Vj4IERF- > .tatsu-column-inner > .tatsu-bottom-divider{z-index: 9999;}.tatsu-y2Vj4IERF- > .tatsu-column-inner > .tatsu-left-divider{z-index: 9999;}.tatsu-y2Vj4IERF- > .tatsu-column-inner > .tatsu-right-divider{z-index: 9999;}@media only screen and (max-width:1377px) {.tatsu-row > .tatsu-y2Vj4IERF-.tatsu-column{width: 50%;}}@media only screen and (min-width:768px) and (max-width: 1024px) {.tatsu-row > .tatsu-y2Vj4IERF-.tatsu-column{width: 50%;}}@media only screen and (max-width: 767px) {.tatsu-row > .tatsu-y2Vj4IERF-.tatsu-column{width: 100%;}}<\/style><\/div><div  class=\"tatsu-column  tatsu-bg-overlay tatsu-one-half tatsu-column-image-none tatsu-column-effect-none  tatsu-Fb_byR6daK\"  data-parallax-speed=\"0\" style=\"\"><div class=\"tatsu-column-inner \" ><div class=\"tatsu-column-pad-wrap\"><div class=\"tatsu-column-pad\" ><div  class=\"tatsu-module tatsu-text-block-wrap tatsu-16qfmE6-a  \"><div class=\"tatsu-text-inner tatsu-align-center  clearfix\" ><style>.tatsu-16qfmE6-a.tatsu-text-block-wrap .tatsu-text-inner{width: 100%;text-align: left;}<\/style>\n<p><img loading=\"lazy\" class=\"aligncenter size-full wp-image-669\" title=\"Tasar\u0131m hizmetleri - Pazarlama ajans\u0131 Republic, Saraybosna, Bosna Hersek\" src=\"https:\/\/re-public.ba\/wp-content\/uploads\/2020\/12\/Dizajn-Marketing-agencija-Republic-Sarajevo.jpg\" alt=\"Tasar\u0131m hizmetleri - Pazarlama ajans\u0131 Republic, Saraybosna, Bosna Hersek\" width=\"1250\" height=\"833\" srcset=\"https:\/\/re-public.ba\/wp-content\/uploads\/2020\/12\/Dizajn-Marketing-agencija-Republic-Sarajevo.jpg 1250w, https:\/\/re-public.ba\/wp-content\/uploads\/2020\/12\/Dizajn-Marketing-agencija-Republic-Sarajevo-300x200.jpg 300w, https:\/\/re-public.ba\/wp-content\/uploads\/2020\/12\/Dizajn-Marketing-agencija-Republic-Sarajevo-1024x682.jpg 1024w, https:\/\/re-public.ba\/wp-content\/uploads\/2020\/12\/Dizajn-Marketing-agencija-Republic-Sarajevo-768x512.jpg 768w, https:\/\/re-public.ba\/wp-content\/uploads\/2020\/12\/Dizajn-Marketing-agencija-Republic-Sarajevo-75x50.jpg 75w, https:\/\/re-public.ba\/wp-content\/uploads\/2020\/12\/Dizajn-Marketing-agencija-Republic-Sarajevo-650x433.jpg 650w, https:\/\/re-public.ba\/wp-content\/uploads\/2020\/12\/Dizajn-Marketing-agencija-Republic-Sarajevo-1000x666.jpg 1000w, https:\/\/re-public.ba\/wp-content\/uploads\/2020\/12\/Dizajn-Marketing-agencija-Republic-Sarajevo-50x33.jpg 50w\" sizes=\"(max-width: 1250px) 100vw, 1250px\" \/><\/p>\n<\/div><\/div><\/div><\/div><div class = \"tatsu-column-bg-image-wrap\"><div class = \"tatsu-column-bg-image\" ><\/div><\/div><div class=\"tatsu-overlay tatsu-column-overlay tatsu-animate-none\" ><\/div><\/div><style>.tatsu-row > .tatsu-Fb_byR6daK.tatsu-column{width: 50%;}.tatsu-Fb_byR6daK.tatsu-column > .tatsu-column-inner > .tatsu-column-overlay{mix-blend-mode: normal;}.tatsu-Fb_byR6daK > .tatsu-column-inner > .tatsu-top-divider{z-index: 9999;}.tatsu-Fb_byR6daK > .tatsu-column-inner > .tatsu-bottom-divider{z-index: 9999;}.tatsu-Fb_byR6daK > .tatsu-column-inner > .tatsu-left-divider{z-index: 9999;}.tatsu-Fb_byR6daK > .tatsu-column-inner > .tatsu-right-divider{z-index: 9999;}@media only screen and (max-width:1377px) {.tatsu-row > .tatsu-Fb_byR6daK.tatsu-column{width: 50%;}}@media only screen and (min-width:768px) and (max-width: 1024px) {.tatsu-row > .tatsu-Fb_byR6daK.tatsu-column{width: 50%;}}@media only screen and (max-width: 767px) {.tatsu-row > .tatsu-Fb_byR6daK.tatsu-column{width: 100%;}}<\/style><\/div><\/div><\/div><\/div><div class=\"tatsu-section-background-wrap\"><div class = \"tatsu-section-background\" ><\/div><\/div><style>.tatsu-fqowmhqs934ji0h.tatsu-section{background-color: #ffffff;}.tatsu-fqowmhqs934ji0h{border-width: 0px 0px px 0px;border-style: solid;}.tatsu-fqowmhqs934ji0h .tatsu-section-pad{padding: 60px 0px 90px 0px;}.tatsu-fqowmhqs934ji0h > .tatsu-bottom-divider{z-index: 9999;}.tatsu-fqowmhqs934ji0h > .tatsu-top-divider{z-index: 9999;}<\/style><\/div>\n","protected":false},"excerpt":{"rendered":"<p><a href=\"https:\/\/re-public.ba\/tr\/hizmetler\/tasarim\/\" class=\"more-link style2-button\">Read More<\/a><\/p>","protected":false},"author":1,"featured_media":1234,"parent":1225,"menu_order":0,"comment_status":"closed","ping_status":"closed","template":"","meta":[],"yoast_head":"<!-- This site is optimized with the Yoast SEO plugin v18.6 - https:\/\/yoast.com\/wordpress\/plugins\/seo\/ -->\n<title>Tavizsiz Republic tasar\u0131m\u0131 Saraybosna - Pazarlama ajans\u0131 Republic<\/title>\n<meta name=\"description\" content=\"Tasar\u0131m hizmetleri: Yarat\u0131c\u0131 \u00e7\u00f6z\u00fcmler, Grafik tasar\u0131m\u0131, Promosyon materyali \u00fcretimi, Marka kitap\u00e7\u0131\u011f\u0131, Yay\u0131nlar, End\u00fcstriyel ve \u00fcr\u00fcn tasar\u0131m\u0131\" \/>\n<meta name=\"robots\" content=\"index, follow, max-snippet:-1, max-image-preview:large, max-video-preview:-1\" \/>\n<link rel=\"canonical\" href=\"https:\/\/re-public.ba\/tr\/hizmetler\/tasarim\/\" \/>\n<meta property=\"og:locale\" content=\"tr_TR\" \/>\n<meta property=\"og:type\" content=\"article\" \/>\n<meta property=\"og:title\" content=\"Tavizsiz Republic tasar\u0131m\u0131 Saraybosna - Pazarlama ajans\u0131 Republic\" \/>\n<meta property=\"og:description\" content=\"Tasar\u0131m hizmetleri: Yarat\u0131c\u0131 \u00e7\u00f6z\u00fcmler, Grafik tasar\u0131m\u0131, Promosyon materyali \u00fcretimi, Marka kitap\u00e7\u0131\u011f\u0131, Yay\u0131nlar, End\u00fcstriyel ve \u00fcr\u00fcn tasar\u0131m\u0131\" \/>\n<meta property=\"og:url\" content=\"https:\/\/re-public.ba\/tr\/hizmetler\/tasarim\/\" \/>\n<meta property=\"og:site_name\" content=\"Republic\" \/>\n<meta property=\"article:publisher\" content=\"https:\/\/www.facebook.com\/republicagencijabih\" \/>\n<meta property=\"article:modified_time\" content=\"2022-05-01T06:58:21+00:00\" \/>\n<meta property=\"og:image\" content=\"https:\/\/re-public.ba\/wp-content\/uploads\/2021\/01\/Najbolja-rjesenja-dizajn-Marketing-agencija-Republic-Sarajevo.jpg\" \/>\n\t<meta property=\"og:image:width\" content=\"1920\" \/>\n\t<meta property=\"og:image:height\" content=\"1080\" \/>\n\t<meta property=\"og:image:type\" content=\"image\/jpeg\" \/>\n<meta name=\"twitter:card\" content=\"summary_large_image\" \/>\n<meta name=\"twitter:label1\" content=\"Est. reading time\" \/>\n\t<meta name=\"twitter:data1\" content=\"14 minutes\" \/>\n<script type=\"application\/ld+json\" class=\"yoast-schema-graph\">{\"@context\":\"https:\/\/schema.org\",\"@graph\":[{\"@type\":\"WebSite\",\"@id\":\"https:\/\/re-public.ba\/#website\",\"url\":\"https:\/\/re-public.ba\/\",\"name\":\"Republic\",\"description\":\"Marketing agencija Sarajevo\",\"potentialAction\":[{\"@type\":\"SearchAction\",\"target\":{\"@type\":\"EntryPoint\",\"urlTemplate\":\"https:\/\/re-public.ba\/?s={search_term_string}\"},\"query-input\":\"required name=search_term_string\"}],\"inLanguage\":\"tr-TR\"},{\"@type\":\"ImageObject\",\"@id\":\"https:\/\/re-public.ba\/tr\/hizmetler\/tasarim\/#primaryimage\",\"inLanguage\":\"tr-TR\",\"url\":\"https:\/\/re-public.ba\/wp-content\/uploads\/2021\/01\/Najbolja-rjesenja-dizajn-Marketing-agencija-Republic-Sarajevo.jpg\",\"contentUrl\":\"https:\/\/re-public.ba\/wp-content\/uploads\/2021\/01\/Najbolja-rjesenja-dizajn-Marketing-agencija-Republic-Sarajevo.jpg\",\"width\":1920,\"height\":1080},{\"@type\":\"WebPage\",\"@id\":\"https:\/\/re-public.ba\/tr\/hizmetler\/tasarim\/#webpage\",\"url\":\"https:\/\/re-public.ba\/tr\/hizmetler\/tasarim\/\",\"name\":\"Tavizsiz Republic tasar\u0131m\u0131 Saraybosna - Pazarlama ajans\u0131 Republic\",\"isPartOf\":{\"@id\":\"https:\/\/re-public.ba\/#website\"},\"primaryImageOfPage\":{\"@id\":\"https:\/\/re-public.ba\/tr\/hizmetler\/tasarim\/#primaryimage\"},\"datePublished\":\"2020-12-04T09:03:07+00:00\",\"dateModified\":\"2022-05-01T06:58:21+00:00\",\"description\":\"Tasar\u0131m hizmetleri: Yarat\u0131c\u0131 \u00e7\u00f6z\u00fcmler, Grafik tasar\u0131m\u0131, Promosyon materyali \u00fcretimi, Marka kitap\u00e7\u0131\u011f\u0131, Yay\u0131nlar, End\u00fcstriyel ve \u00fcr\u00fcn tasar\u0131m\u0131\",\"breadcrumb\":{\"@id\":\"https:\/\/re-public.ba\/tr\/hizmetler\/tasarim\/#breadcrumb\"},\"inLanguage\":\"tr-TR\",\"potentialAction\":[{\"@type\":\"ReadAction\",\"target\":[\"https:\/\/re-public.ba\/tr\/hizmetler\/tasarim\/\"]}]},{\"@type\":\"BreadcrumbList\",\"@id\":\"https:\/\/re-public.ba\/tr\/hizmetler\/tasarim\/#breadcrumb\",\"itemListElement\":[{\"@type\":\"ListItem\",\"position\":1,\"name\":\"Hizmetler\",\"item\":\"https:\/\/re-public.ba\/tr\/hizmetler\/\"},{\"@type\":\"ListItem\",\"position\":2,\"name\":\"Tasarim\"}]}]}<\/script>\n<!-- \/ Yoast SEO plugin. -->","yoast_head_json":{"title":"Tavizsiz Republic tasar\u0131m\u0131 Saraybosna - Pazarlama ajans\u0131 Republic","description":"Tasar\u0131m hizmetleri: Yarat\u0131c\u0131 \u00e7\u00f6z\u00fcmler, Grafik tasar\u0131m\u0131, Promosyon materyali \u00fcretimi, Marka kitap\u00e7\u0131\u011f\u0131, Yay\u0131nlar, End\u00fcstriyel ve \u00fcr\u00fcn tasar\u0131m\u0131","robots":{"index":"index","follow":"follow","max-snippet":"max-snippet:-1","max-image-preview":"max-image-preview:large","max-video-preview":"max-video-preview:-1"},"canonical":"https:\/\/re-public.ba\/tr\/hizmetler\/tasarim\/","og_locale":"tr_TR","og_type":"article","og_title":"Tavizsiz Republic tasar\u0131m\u0131 Saraybosna - Pazarlama ajans\u0131 Republic","og_description":"Tasar\u0131m hizmetleri: Yarat\u0131c\u0131 \u00e7\u00f6z\u00fcmler, Grafik tasar\u0131m\u0131, Promosyon materyali \u00fcretimi, Marka kitap\u00e7\u0131\u011f\u0131, Yay\u0131nlar, End\u00fcstriyel ve \u00fcr\u00fcn tasar\u0131m\u0131","og_url":"https:\/\/re-public.ba\/tr\/hizmetler\/tasarim\/","og_site_name":"Republic","article_publisher":"https:\/\/www.facebook.com\/republicagencijabih","article_modified_time":"2022-05-01T06:58:21+00:00","og_image":[{"width":1920,"height":1080,"url":"https:\/\/re-public.ba\/wp-content\/uploads\/2021\/01\/Najbolja-rjesenja-dizajn-Marketing-agencija-Republic-Sarajevo.jpg","type":"image\/jpeg"}],"twitter_card":"summary_large_image","twitter_misc":{"Est. reading time":"14 minutes"},"schema":{"@context":"https:\/\/schema.org","@graph":[{"@type":"WebSite","@id":"https:\/\/re-public.ba\/#website","url":"https:\/\/re-public.ba\/","name":"Republic","description":"Marketing agencija Sarajevo","potentialAction":[{"@type":"SearchAction","target":{"@type":"EntryPoint","urlTemplate":"https:\/\/re-public.ba\/?s={search_term_string}"},"query-input":"required name=search_term_string"}],"inLanguage":"tr-TR"},{"@type":"ImageObject","@id":"https:\/\/re-public.ba\/tr\/hizmetler\/tasarim\/#primaryimage","inLanguage":"tr-TR","url":"https:\/\/re-public.ba\/wp-content\/uploads\/2021\/01\/Najbolja-rjesenja-dizajn-Marketing-agencija-Republic-Sarajevo.jpg","contentUrl":"https:\/\/re-public.ba\/wp-content\/uploads\/2021\/01\/Najbolja-rjesenja-dizajn-Marketing-agencija-Republic-Sarajevo.jpg","width":1920,"height":1080},{"@type":"WebPage","@id":"https:\/\/re-public.ba\/tr\/hizmetler\/tasarim\/#webpage","url":"https:\/\/re-public.ba\/tr\/hizmetler\/tasarim\/","name":"Tavizsiz Republic tasar\u0131m\u0131 Saraybosna - Pazarlama ajans\u0131 Republic","isPartOf":{"@id":"https:\/\/re-public.ba\/#website"},"primaryImageOfPage":{"@id":"https:\/\/re-public.ba\/tr\/hizmetler\/tasarim\/#primaryimage"},"datePublished":"2020-12-04T09:03:07+00:00","dateModified":"2022-05-01T06:58:21+00:00","description":"Tasar\u0131m hizmetleri: Yarat\u0131c\u0131 \u00e7\u00f6z\u00fcmler, Grafik tasar\u0131m\u0131, Promosyon materyali \u00fcretimi, Marka kitap\u00e7\u0131\u011f\u0131, Yay\u0131nlar, End\u00fcstriyel ve \u00fcr\u00fcn tasar\u0131m\u0131","breadcrumb":{"@id":"https:\/\/re-public.ba\/tr\/hizmetler\/tasarim\/#breadcrumb"},"inLanguage":"tr-TR","potentialAction":[{"@type":"ReadAction","target":["https:\/\/re-public.ba\/tr\/hizmetler\/tasarim\/"]}]},{"@type":"BreadcrumbList","@id":"https:\/\/re-public.ba\/tr\/hizmetler\/tasarim\/#breadcrumb","itemListElement":[{"@type":"ListItem","position":1,"name":"Hizmetler","item":"https:\/\/re-public.ba\/tr\/hizmetler\/"},{"@type":"ListItem","position":2,"name":"Tasarim"}]}]}},"_links":{"self":[{"href":"https:\/\/re-public.ba\/tr\/wp-json\/wp\/v2\/pages\/1233"}],"collection":[{"href":"https:\/\/re-public.ba\/tr\/wp-json\/wp\/v2\/pages"}],"about":[{"href":"https:\/\/re-public.ba\/tr\/wp-json\/wp\/v2\/types\/page"}],"author":[{"embeddable":true,"href":"https:\/\/re-public.ba\/tr\/wp-json\/wp\/v2\/users\/1"}],"replies":[{"embeddable":true,"href":"https:\/\/re-public.ba\/tr\/wp-json\/wp\/v2\/comments?post=1233"}],"version-history":[{"count":5,"href":"https:\/\/re-public.ba\/tr\/wp-json\/wp\/v2\/pages\/1233\/revisions"}],"predecessor-version":[{"id":2034,"href":"https:\/\/re-public.ba\/tr\/wp-json\/wp\/v2\/pages\/1233\/revisions\/2034"}],"up":[{"embeddable":true,"href":"https:\/\/re-public.ba\/tr\/wp-json\/wp\/v2\/pages\/1225"}],"wp:featuredmedia":[{"embeddable":true,"href":"https:\/\/re-public.ba\/tr\/wp-json\/wp\/v2\/media\/1234"}],"wp:attachment":[{"href":"https:\/\/re-public.ba\/tr\/wp-json\/wp\/v2\/media?parent=1233"}],"curies":[{"name":"wp","href":"https:\/\/api.w.org\/{rel}","templated":true}]}}