{"id":1318,"date":"2016-04-18T10:23:25","date_gmt":"2016-04-18T10:23:25","guid":{"rendered":"https:\/\/re-public.ba\/kontakt\/"},"modified":"2024-12-10T21:47:17","modified_gmt":"2024-12-10T21:47:17","slug":"iletisim","status":"publish","type":"page","link":"https:\/\/re-public.ba\/tr\/iletisim\/","title":{"rendered":"Pazarlama ajans\u0131 Republic, Saraybosna, Bosna Hersek"},"content":{"rendered":"<div  class=\"tatsu-Es40rLsLZw tatsu-section  tatsu-bg-overlay   tatsu-clearfix\" data-title=\"\"  data-headerscheme=\"background--dark\"><div class='tatsu-section-pad clearfix' data-padding='{\"d\":\"0px 0px 0px 0px\"}' data-padding-top='0px'><div class=\"tatsu-row-wrap  tatsu-row-full-width tatsu-row-one-col tatsu-row-has-one-cols tatsu-medium-gutter tatsu-reg-cols  tatsu-clearfix tatsu-XlRLtoIFbf\" ><div  class=\"tatsu-row \" ><div  class=\"tatsu-column  tatsu-bg-overlay tatsu-one-col tatsu-column-image-none tatsu-column-effect-none  tatsu-Y92NMtpO7\"  data-parallax-speed=\"0\" style=\"\"><div class=\"tatsu-column-inner \" ><div class=\"tatsu-column-pad-wrap\"><div class=\"tatsu-column-pad\" ><div  class=\"tatsu-module tatsu-text-block-wrap tatsu-DFcuCsYyP  \"><div class=\"tatsu-text-inner tatsu-align-center  clearfix\" ><style>.tatsu-DFcuCsYyP.tatsu-text-block-wrap .tatsu-text-inner{width: 100%;text-align: left;}<\/style>\n<p><iframe loading=\"lazy\" style=\"border: 0;\" tabindex=\"0\" src=\"https:\/\/www.google.com\/maps\/embed?pb=!1m18!1m12!1m3!1d2877.2219588490425!2d18.366400315504205!3d43.85122797911502!2m3!1f0!2f0!3f0!3m2!1i1024!2i768!4f13.1!3m3!1m2!1s0x0%3A0x84ff1fe4a27ae5ed!2sMarketing%20agencija%20Republic%20d.o.o.%20Sarajevo!5e0!3m2!1sen!2sba!4v1608644168542!5m2!1sen!2sba\" width=\"100%\" height=\"450\" frameborder=\"0\" allowfullscreen=\"allowfullscreen\" aria-hidden=\"false\"><\/iframe><\/p>\n<\/div><\/div><\/div><\/div><div class = \"tatsu-column-bg-image-wrap\"><div class = \"tatsu-column-bg-image\" ><\/div><\/div><div class=\"tatsu-overlay tatsu-column-overlay tatsu-animate-none\" ><\/div><\/div><style>.tatsu-row > .tatsu-Y92NMtpO7.tatsu-column{width: 100%;}.tatsu-Y92NMtpO7.tatsu-column > .tatsu-column-inner > .tatsu-column-overlay{mix-blend-mode: normal;}.tatsu-Y92NMtpO7 > .tatsu-column-inner > .tatsu-top-divider{z-index: 9999;}.tatsu-Y92NMtpO7 > .tatsu-column-inner > .tatsu-bottom-divider{z-index: 9999;}.tatsu-Y92NMtpO7 > .tatsu-column-inner > .tatsu-left-divider{z-index: 9999;}.tatsu-Y92NMtpO7 > .tatsu-column-inner > .tatsu-right-divider{z-index: 9999;}@media only screen and (max-width:1377px) {.tatsu-row > .tatsu-Y92NMtpO7.tatsu-column{width: 100%;}}@media only screen and (min-width:768px) and (max-width: 1024px) {.tatsu-row > .tatsu-Y92NMtpO7.tatsu-column{width: 100%;}}@media only screen and (max-width: 767px) {.tatsu-row > .tatsu-Y92NMtpO7.tatsu-column{width: 100%;}}<\/style><\/div><\/div><\/div><\/div><div class=\"tatsu-section-background-wrap\"><div class = \"tatsu-section-background\" ><\/div><\/div><div class=\"tatsu-overlay tatsu-section-overlay\"><\/div><style>.tatsu-Es40rLsLZw .tatsu-section-offset-wrap{transform: translateY(-0px);}.tatsu-Es40rLsLZw > .tatsu-bottom-divider{z-index: 9999;}.tatsu-Es40rLsLZw > .tatsu-top-divider{z-index: 9999;}.tatsu-Es40rLsLZw .tatsu-section-overlay{mix-blend-mode: normal;}<\/style><\/div><div  class=\"tatsu-fqowy0lnrz1mh5xv tatsu-section  tatsu-bg-overlay   tatsu-clearfix\" data-title=\"\"  data-headerscheme=\"background--dark\"><div class='tatsu-section-pad clearfix' data-padding='{\"d\":\"60px 0% 0px 0%\"}' data-padding-top='60px'><div class=\"tatsu-row-wrap  tatsu-wrap tatsu-row-one-col tatsu-row-has-one-cols tatsu-medium-gutter tatsu-reg-cols  tatsu-clearfix tatsu-fqowy0lns77vs2ay\" ><div  class=\"tatsu-row \" ><div  class=\"tatsu-column  tatsu-bg-overlay tatsu-one-col tatsu-animate tatsu-column-image-none tatsu-column-effect-none  tatsu-fqowy0lnsdamfkz6\" data-animation=\"flipInX\"   data-parallax-speed=\"0\" style=\"\"><div class=\"tatsu-column-inner \" ><div class=\"tatsu-column-pad-wrap\"><div class=\"tatsu-column-pad\" ><div class=\"oshine-module oshine-am-fh display-block  tatsu-fqowy0lnsoaa87zb\"><style>.tatsu-fqowy0lnsoaa87zb .animate-icon-module-style1-wrap{height: 200px;}.tatsu-fqowy0lnsoaa87zb .animate-icon-module-style1{margin-bottom: 13px;}<\/style><div class=\"animate-icon-module-style1-wrap-container\"><div class=\"animate-icon-module-style1-wrap clearfix\" data-gutter-width=\"13\"><a  href=\"#\" class=\"animate-icon-module-style1 be-bg-cover animate-icon-module  top-animate tatsu-fqowy0lnsu75ssty   \" ><style>.tatsu-fqowy0lnsu75ssty .font-icon{font-size: 50px;color: #ffffff ;}.tatsu-fqowy0lnsu75ssty .title_content{color: #ffffff ;}.tatsu-fqowy0lnsu75ssty{background-color: rgba(228,28,36,1);}.tatsu-fqowy0lnsu75ssty:hover{background-color: rgba(215,215,215,1);}<\/style><div class=\"animate-icon-module-normal-content\"><div class=\"display-table\"><div class=\"display-table-cell vertical-align-middle\"><i class=\"font-icon icon-icon_pin\" ><\/i><\/div><\/div><\/div><div class=\"animate-icon-module-hover-content\"><div class=\"display-table\"><div class=\"display-table-cell vertical-align-middle\">\n<p><span style=\"color: #222222;\">D\u017eemala Bijedi\u0107a 160J<\/span><br \/>\n<span style=\"color: #222222;\">71000 Sarajevo<\/span> <span style=\"color: #222222;\">Bosna i Hercegovina<\/span><\/p>\n<\/div><\/div><\/div><\/a><a  href=\"mailto:info@re-public.ba\" class=\"animate-icon-module-style1 be-bg-cover animate-icon-module  top-animate tatsu-fqowy0lnvezxx4y   \" ><style>.tatsu-fqowy0lnvezxx4y .font-icon{font-size: 50px;color: #ffffff ;}.tatsu-fqowy0lnvezxx4y .title_content{color: #ffffff ;}.tatsu-fqowy0lnvezxx4y{background-color: rgba(56,56,56,1);}.tatsu-fqowy0lnvezxx4y:hover{background-color: rgba(215,215,215,1);}<\/style><div class=\"animate-icon-module-normal-content\"><div class=\"display-table\"><div class=\"display-table-cell vertical-align-middle\"><i class=\"font-icon icon-email\" ><\/i><\/div><\/div><\/div><div class=\"animate-icon-module-hover-content\"><div class=\"display-table\"><div class=\"display-table-cell vertical-align-middle\">\n<p><span style=\"color: #222222;\">info@re-public.ba<\/span><\/p>\n<\/div><\/div><\/div><\/a><a  href=\"tel:+38761279146\" class=\"animate-icon-module-style1 be-bg-cover animate-icon-module  top-animate tatsu-fqowy0lnyb95806l   \" ><style>.tatsu-fqowy0lnyb95806l .font-icon{font-size: 50px;color: #ffffff ;}.tatsu-fqowy0lnyb95806l .title_content{color: #ffffff ;}.tatsu-fqowy0lnyb95806l{background-color: rgba(228,28,36,1);}.tatsu-fqowy0lnyb95806l:hover{background-color: rgba(215,215,215,1);}<\/style><div class=\"animate-icon-module-normal-content\"><div class=\"display-table\"><div class=\"display-table-cell vertical-align-middle\"><i class=\"font-icon icon-icon_phone\" ><\/i><\/div><\/div><\/div><div class=\"animate-icon-module-hover-content\"><div class=\"display-table\"><div class=\"display-table-cell vertical-align-middle\">\n<p><span style=\"color: #222222;\">Mob: +387 61 279 146<\/span><\/p>\n<\/div><\/div><\/div><\/a><\/div><\/div><\/div><\/div><\/div><div class = \"tatsu-column-bg-image-wrap\"><div class = \"tatsu-column-bg-image\" ><\/div><\/div><div class=\"tatsu-overlay tatsu-column-overlay tatsu-animate-none\" ><\/div><\/div><style>.tatsu-row > .tatsu-fqowy0lnsdamfkz6.tatsu-column{width: 100%;}.tatsu-fqowy0lnsdamfkz6.tatsu-column > .tatsu-column-inner > .tatsu-column-pad-wrap > .tatsu-column-pad{padding: 10px 10px 0px 10px;}.tatsu-fqowy0lnsdamfkz6.tatsu-column{margin: 0px 0px 0px !important;}.tatsu-fqowy0lnsdamfkz6.tatsu-column > .tatsu-column-inner > .tatsu-column-overlay{mix-blend-mode: normal;}.tatsu-fqowy0lnsdamfkz6 > .tatsu-column-inner > .tatsu-top-divider{z-index: 9999;}.tatsu-fqowy0lnsdamfkz6 > .tatsu-column-inner > .tatsu-bottom-divider{z-index: 9999;}.tatsu-fqowy0lnsdamfkz6 > .tatsu-column-inner > .tatsu-left-divider{z-index: 9999;}.tatsu-fqowy0lnsdamfkz6 > .tatsu-column-inner > .tatsu-right-divider{z-index: 9999;}<\/style><\/div><\/div><\/div><\/div><div class=\"tatsu-section-background-wrap\"><div class = \"tatsu-section-background\" ><\/div><\/div><div class=\"tatsu-overlay tatsu-section-overlay\"><\/div><style>.tatsu-fqowy0lnrz1mh5xv .tatsu-section-pad{padding: 60px 0% 0px 0%;}.tatsu-fqowy0lnrz1mh5xv > .tatsu-bottom-divider{z-index: 9999;}.tatsu-fqowy0lnrz1mh5xv > .tatsu-top-divider{z-index: 9999;}.tatsu-fqowy0lnrz1mh5xv .tatsu-section-overlay{mix-blend-mode: normal;}<\/style><\/div><div  class=\"tatsu-khbVA1NdJf tatsu-section  tatsu-bg-overlay   tatsu-clearfix\" data-title=\"\"  data-headerscheme=\"background--dark\"><div class='tatsu-section-pad clearfix' data-padding='{\"d\":\"50px 0px 0px 0px\"}' data-padding-top='50px'><div class=\"tatsu-row-wrap  tatsu-wrap tatsu-row-one-col tatsu-row-has-one-cols tatsu-medium-gutter tatsu-reg-cols  tatsu-clearfix tatsu-vLCn7P1sIl\" ><div  class=\"tatsu-row \" ><div  class=\"tatsu-column  tatsu-bg-overlay tatsu-one-col tatsu-column-image-none tatsu-column-effect-none  tatsu-AoKrqjf_u\"  data-parallax-speed=\"0\" style=\"\"><div class=\"tatsu-column-inner \" ><div class=\"tatsu-column-pad-wrap\"><div class=\"tatsu-column-pad\" ><div  class=\"tatsu-module tatsu-text-block-wrap tatsu-HRoIBUfBT  \"><div class=\"tatsu-text-inner tatsu-align-center  clearfix\" ><style>.tatsu-HRoIBUfBT.tatsu-text-block-wrap .tatsu-text-inner{width: 100%;text-align: left;}.tatsu-HRoIBUfBT.tatsu-text-block-wrap{margin: 0px 0px 30px 10px;}<\/style>\n<p><strong>IMPRESUM<\/strong><\/p>\n<\/div><\/div><\/div><\/div><div class = \"tatsu-column-bg-image-wrap\"><div class = \"tatsu-column-bg-image\" ><\/div><\/div><div class=\"tatsu-overlay tatsu-column-overlay tatsu-animate-none\" ><\/div><\/div><style>.tatsu-row > .tatsu-AoKrqjf_u.tatsu-column{width: 100%;}.tatsu-AoKrqjf_u.tatsu-column > .tatsu-column-inner > .tatsu-column-overlay{mix-blend-mode: normal;}.tatsu-AoKrqjf_u > .tatsu-column-inner > .tatsu-top-divider{z-index: 9999;}.tatsu-AoKrqjf_u > .tatsu-column-inner > .tatsu-bottom-divider{z-index: 9999;}.tatsu-AoKrqjf_u > .tatsu-column-inner > .tatsu-left-divider{z-index: 9999;}.tatsu-AoKrqjf_u > .tatsu-column-inner > .tatsu-right-divider{z-index: 9999;}@media only screen and (max-width:1377px) {.tatsu-row > .tatsu-AoKrqjf_u.tatsu-column{width: 100%;}}@media only screen and (min-width:768px) and (max-width: 1024px) {.tatsu-row > .tatsu-AoKrqjf_u.tatsu-column{width: 100%;}}@media only screen and (max-width: 767px) {.tatsu-row > .tatsu-AoKrqjf_u.tatsu-column{width: 100%;}}<\/style><\/div><\/div><\/div><\/div><div class=\"tatsu-section-background-wrap\"><div class = \"tatsu-section-background\" ><\/div><\/div><div class=\"tatsu-overlay tatsu-section-overlay\"><\/div><style>.tatsu-khbVA1NdJf .tatsu-section-pad{padding: 50px 0px 0px 0px;}.tatsu-khbVA1NdJf .tatsu-section-offset-wrap{transform: translateY(-0px);}.tatsu-khbVA1NdJf > .tatsu-bottom-divider{z-index: 9999;}.tatsu-khbVA1NdJf > .tatsu-top-divider{z-index: 9999;}.tatsu-khbVA1NdJf .tatsu-section-overlay{mix-blend-mode: normal;}<\/style><\/div><div  class=\"tatsu-4pJ9w8QkCE tatsu-section  tatsu-bg-overlay   tatsu-clearfix\" data-title=\"\"  data-headerscheme=\"background--dark\"><div class='tatsu-section-pad clearfix' data-padding='{\"d\":\"7px 0px 90px 0px\"}' data-padding-top='7px'><div class=\"tatsu-row-wrap  tatsu-wrap tatsu-row-has-one-half tatsu-row-has-two-cols tatsu-zero-margin tatsu-medium-gutter tatsu-reg-cols  tatsu-clearfix tatsu-IgESmcSuWU\" ><div  class=\"tatsu-row \" ><div  class=\"tatsu-column  tatsu-bg-overlay tatsu-one-half tatsu-column-image-none tatsu-column-effect-none  tatsu-oO5KMtFD4\"  data-parallax-speed=\"0\" style=\"\"><div class=\"tatsu-column-inner \" ><div class=\"tatsu-column-pad-wrap\"><div class=\"tatsu-column-pad\" ><div  class=\"tatsu-module tatsu-text-block-wrap tatsu-CeXsPGlLX5  \"><div class=\"tatsu-text-inner tatsu-align-center  clearfix\" ><style>.tatsu-CeXsPGlLX5.tatsu-text-block-wrap .tatsu-text-inner{width: 100%;text-align: left;}.tatsu-CeXsPGlLX5.tatsu-text-block-wrap{margin: 0px 0px 30px 10px;}<\/style>\n<p>REPUBLIC d.o.o.<br \/>\nAdresa: D\u017eemala Bijedi\u0107a 160J<br \/>\nTel: +387 33 864 775<br \/>\nMob: +387 61 279 146<br \/>\nE-mail: info@re-public.ba<\/p>\n<\/div><\/div><\/div><\/div><div class = \"tatsu-column-bg-image-wrap\"><div class = \"tatsu-column-bg-image\" ><\/div><\/div><div class=\"tatsu-overlay tatsu-column-overlay tatsu-animate-none\" ><\/div><\/div><style>.tatsu-row > .tatsu-oO5KMtFD4.tatsu-column{width: 50%;}.tatsu-oO5KMtFD4.tatsu-column > .tatsu-column-inner > .tatsu-column-overlay{mix-blend-mode: normal;}.tatsu-oO5KMtFD4 > .tatsu-column-inner > .tatsu-top-divider{z-index: 9999;}.tatsu-oO5KMtFD4 > .tatsu-column-inner > .tatsu-bottom-divider{z-index: 9999;}.tatsu-oO5KMtFD4 > .tatsu-column-inner > .tatsu-left-divider{z-index: 9999;}.tatsu-oO5KMtFD4 > .tatsu-column-inner > .tatsu-right-divider{z-index: 9999;}@media only screen and (max-width:1377px) {.tatsu-row > .tatsu-oO5KMtFD4.tatsu-column{width: 50%;}}@media only screen and (min-width:768px) and (max-width: 1024px) {.tatsu-row > .tatsu-oO5KMtFD4.tatsu-column{width: 50%;}}@media only screen and (max-width: 767px) {.tatsu-row > .tatsu-oO5KMtFD4.tatsu-column{width: 100%;}}<\/style><\/div><div  class=\"tatsu-column  tatsu-bg-overlay tatsu-one-half tatsu-column-image-none tatsu-column-effect-none  tatsu-mRQIlMHqAT\"  data-parallax-speed=\"0\" style=\"\"><div class=\"tatsu-column-inner \" ><div class=\"tatsu-column-pad-wrap\"><div class=\"tatsu-column-pad\" ><div  class=\"tatsu-module tatsu-text-block-wrap tatsu-0HJCnuTXJ5  \"><div class=\"tatsu-text-inner tatsu-align-center  clearfix\" ><style>.tatsu-0HJCnuTXJ5.tatsu-text-block-wrap .tatsu-text-inner{width: 100%;text-align: left;padding: 0px 0px 0px 10px;}<\/style>\n<p>ID: 4202762070002<br \/>\nPDV: 202762070002<\/p>\n<\/div><\/div><\/div><\/div><div class = \"tatsu-column-bg-image-wrap\"><div class = \"tatsu-column-bg-image\" ><\/div><\/div><div class=\"tatsu-overlay tatsu-column-overlay tatsu-animate-none\" ><\/div><\/div><style>.tatsu-row > .tatsu-mRQIlMHqAT.tatsu-column{width: 50%;}.tatsu-mRQIlMHqAT.tatsu-column > .tatsu-column-inner > .tatsu-column-overlay{mix-blend-mode: normal;}.tatsu-mRQIlMHqAT > .tatsu-column-inner > .tatsu-top-divider{z-index: 9999;}.tatsu-mRQIlMHqAT > .tatsu-column-inner > .tatsu-bottom-divider{z-index: 9999;}.tatsu-mRQIlMHqAT > .tatsu-column-inner > .tatsu-left-divider{z-index: 9999;}.tatsu-mRQIlMHqAT > .tatsu-column-inner > .tatsu-right-divider{z-index: 9999;}@media only screen and (max-width:1377px) {.tatsu-row > .tatsu-mRQIlMHqAT.tatsu-column{width: 50%;}}@media only screen and (min-width:768px) and (max-width: 1024px) {.tatsu-row > .tatsu-mRQIlMHqAT.tatsu-column{width: 50%;}}@media only screen and (max-width: 767px) {.tatsu-row > .tatsu-mRQIlMHqAT.tatsu-column{width: 100%;}}<\/style><\/div><\/div><\/div><\/div><div class=\"tatsu-section-background-wrap\"><div class = \"tatsu-section-background\" ><\/div><\/div><div class=\"tatsu-overlay tatsu-section-overlay\"><\/div><style>.tatsu-4pJ9w8QkCE .tatsu-section-pad{padding: 7px 0px 90px 0px;}.tatsu-4pJ9w8QkCE .tatsu-section-offset-wrap{transform: translateY(-0px);}.tatsu-4pJ9w8QkCE > .tatsu-bottom-divider{z-index: 9999;}.tatsu-4pJ9w8QkCE > .tatsu-top-divider{z-index: 9999;}.tatsu-4pJ9w8QkCE .tatsu-section-overlay{mix-blend-mode: normal;}<\/style><\/div>\n","protected":false},"excerpt":{"rendered":"<p><a href=\"https:\/\/re-public.ba\/tr\/iletisim\/\" class=\"more-link style2-button\">Read More<\/a><\/p>","protected":false},"author":1,"featured_media":1319,"parent":0,"menu_order":0,"comment_status":"closed","ping_status":"closed","template":"","meta":[],"yoast_head":"<!-- This site is optimized with the Yoast SEO plugin v18.6 - https:\/\/yoast.com\/wordpress\/plugins\/seo\/ -->\n<title>Pazarlama ajans\u0131 Republic, Saraybosna, Bosna Hersek - Republic<\/title>\n<meta name=\"description\" content=\"Pazarlama ajansi Republic d.o.o. Adres: D\u017eemala Bijedi\u0107a br 160J, Saraybosna Bosna Hersek\" \/>\n<meta name=\"robots\" content=\"index, follow, max-snippet:-1, max-image-preview:large, max-video-preview:-1\" \/>\n<link rel=\"canonical\" href=\"https:\/\/re-public.ba\/tr\/iletisim\/\" \/>\n<meta property=\"og:locale\" content=\"tr_TR\" \/>\n<meta property=\"og:type\" content=\"article\" \/>\n<meta property=\"og:title\" content=\"Pazarlama ajans\u0131 Republic, Saraybosna, Bosna Hersek - Republic\" \/>\n<meta property=\"og:description\" content=\"Pazarlama ajansi Republic d.o.o. Adres: D\u017eemala Bijedi\u0107a br 160J, Saraybosna Bosna Hersek\" \/>\n<meta property=\"og:url\" content=\"https:\/\/re-public.ba\/tr\/iletisim\/\" \/>\n<meta property=\"og:site_name\" content=\"Republic\" \/>\n<meta property=\"article:publisher\" content=\"https:\/\/www.facebook.com\/republicagencijabih\" \/>\n<meta property=\"article:modified_time\" content=\"2024-12-10T21:47:17+00:00\" \/>\n<meta property=\"og:image\" content=\"https:\/\/re-public.ba\/wp-content\/uploads\/2020\/12\/Marketing-agencija-Republic-doo-Sarajevo.jpg\" \/>\n\t<meta property=\"og:image:width\" content=\"1436\" \/>\n\t<meta property=\"og:image:height\" content=\"808\" \/>\n\t<meta property=\"og:image:type\" content=\"image\/jpeg\" \/>\n<meta name=\"twitter:card\" content=\"summary_large_image\" \/>\n<meta name=\"twitter:label1\" content=\"Est. reading time\" \/>\n\t<meta name=\"twitter:data1\" content=\"15 minutes\" \/>\n<script type=\"application\/ld+json\" class=\"yoast-schema-graph\">{\"@context\":\"https:\/\/schema.org\",\"@graph\":[{\"@type\":\"WebSite\",\"@id\":\"https:\/\/re-public.ba\/#website\",\"url\":\"https:\/\/re-public.ba\/\",\"name\":\"Republic\",\"description\":\"Marketing agencija Sarajevo\",\"potentialAction\":[{\"@type\":\"SearchAction\",\"target\":{\"@type\":\"EntryPoint\",\"urlTemplate\":\"https:\/\/re-public.ba\/?s={search_term_string}\"},\"query-input\":\"required name=search_term_string\"}],\"inLanguage\":\"tr-TR\"},{\"@type\":\"ImageObject\",\"@id\":\"https:\/\/re-public.ba\/tr\/iletisim\/#primaryimage\",\"inLanguage\":\"tr-TR\",\"url\":\"https:\/\/re-public.ba\/wp-content\/uploads\/2020\/12\/Marketing-agencija-Republic-doo-Sarajevo.jpg\",\"contentUrl\":\"https:\/\/re-public.ba\/wp-content\/uploads\/2020\/12\/Marketing-agencija-Republic-doo-Sarajevo.jpg\",\"width\":1436,\"height\":808},{\"@type\":\"WebPage\",\"@id\":\"https:\/\/re-public.ba\/tr\/iletisim\/#webpage\",\"url\":\"https:\/\/re-public.ba\/tr\/iletisim\/\",\"name\":\"Pazarlama ajans\u0131 Republic, Saraybosna, Bosna Hersek - Republic\",\"isPartOf\":{\"@id\":\"https:\/\/re-public.ba\/#website\"},\"primaryImageOfPage\":{\"@id\":\"https:\/\/re-public.ba\/tr\/iletisim\/#primaryimage\"},\"datePublished\":\"2016-04-18T10:23:25+00:00\",\"dateModified\":\"2024-12-10T21:47:17+00:00\",\"description\":\"Pazarlama ajansi Republic d.o.o. Adres: D\u017eemala Bijedi\u0107a br 160J, Saraybosna Bosna Hersek\",\"breadcrumb\":{\"@id\":\"https:\/\/re-public.ba\/tr\/iletisim\/#breadcrumb\"},\"inLanguage\":\"tr-TR\",\"potentialAction\":[{\"@type\":\"ReadAction\",\"target\":[\"https:\/\/re-public.ba\/tr\/iletisim\/\"]}]},{\"@type\":\"BreadcrumbList\",\"@id\":\"https:\/\/re-public.ba\/tr\/iletisim\/#breadcrumb\",\"itemListElement\":[{\"@type\":\"ListItem\",\"position\":1,\"name\":\"Pazarlama ajans\u0131 Republic, Saraybosna, Bosna Hersek\"}]}]}<\/script>\n<!-- \/ Yoast SEO plugin. -->","yoast_head_json":{"title":"Pazarlama ajans\u0131 Republic, Saraybosna, Bosna Hersek - Republic","description":"Pazarlama ajansi Republic d.o.o. Adres: D\u017eemala Bijedi\u0107a br 160J, Saraybosna Bosna Hersek","robots":{"index":"index","follow":"follow","max-snippet":"max-snippet:-1","max-image-preview":"max-image-preview:large","max-video-preview":"max-video-preview:-1"},"canonical":"https:\/\/re-public.ba\/tr\/iletisim\/","og_locale":"tr_TR","og_type":"article","og_title":"Pazarlama ajans\u0131 Republic, Saraybosna, Bosna Hersek - Republic","og_description":"Pazarlama ajansi Republic d.o.o. Adres: D\u017eemala Bijedi\u0107a br 160J, Saraybosna Bosna Hersek","og_url":"https:\/\/re-public.ba\/tr\/iletisim\/","og_site_name":"Republic","article_publisher":"https:\/\/www.facebook.com\/republicagencijabih","article_modified_time":"2024-12-10T21:47:17+00:00","og_image":[{"width":1436,"height":808,"url":"https:\/\/re-public.ba\/wp-content\/uploads\/2020\/12\/Marketing-agencija-Republic-doo-Sarajevo.jpg","type":"image\/jpeg"}],"twitter_card":"summary_large_image","twitter_misc":{"Est. reading time":"15 minutes"},"schema":{"@context":"https:\/\/schema.org","@graph":[{"@type":"WebSite","@id":"https:\/\/re-public.ba\/#website","url":"https:\/\/re-public.ba\/","name":"Republic","description":"Marketing agencija Sarajevo","potentialAction":[{"@type":"SearchAction","target":{"@type":"EntryPoint","urlTemplate":"https:\/\/re-public.ba\/?s={search_term_string}"},"query-input":"required name=search_term_string"}],"inLanguage":"tr-TR"},{"@type":"ImageObject","@id":"https:\/\/re-public.ba\/tr\/iletisim\/#primaryimage","inLanguage":"tr-TR","url":"https:\/\/re-public.ba\/wp-content\/uploads\/2020\/12\/Marketing-agencija-Republic-doo-Sarajevo.jpg","contentUrl":"https:\/\/re-public.ba\/wp-content\/uploads\/2020\/12\/Marketing-agencija-Republic-doo-Sarajevo.jpg","width":1436,"height":808},{"@type":"WebPage","@id":"https:\/\/re-public.ba\/tr\/iletisim\/#webpage","url":"https:\/\/re-public.ba\/tr\/iletisim\/","name":"Pazarlama ajans\u0131 Republic, Saraybosna, Bosna Hersek - Republic","isPartOf":{"@id":"https:\/\/re-public.ba\/#website"},"primaryImageOfPage":{"@id":"https:\/\/re-public.ba\/tr\/iletisim\/#primaryimage"},"datePublished":"2016-04-18T10:23:25+00:00","dateModified":"2024-12-10T21:47:17+00:00","description":"Pazarlama ajansi Republic d.o.o. Adres: D\u017eemala Bijedi\u0107a br 160J, Saraybosna Bosna Hersek","breadcrumb":{"@id":"https:\/\/re-public.ba\/tr\/iletisim\/#breadcrumb"},"inLanguage":"tr-TR","potentialAction":[{"@type":"ReadAction","target":["https:\/\/re-public.ba\/tr\/iletisim\/"]}]},{"@type":"BreadcrumbList","@id":"https:\/\/re-public.ba\/tr\/iletisim\/#breadcrumb","itemListElement":[{"@type":"ListItem","position":1,"name":"Pazarlama ajans\u0131 Republic, Saraybosna, Bosna Hersek"}]}]}},"_links":{"self":[{"href":"https:\/\/re-public.ba\/tr\/wp-json\/wp\/v2\/pages\/1318"}],"collection":[{"href":"https:\/\/re-public.ba\/tr\/wp-json\/wp\/v2\/pages"}],"about":[{"href":"https:\/\/re-public.ba\/tr\/wp-json\/wp\/v2\/types\/page"}],"author":[{"embeddable":true,"href":"https:\/\/re-public.ba\/tr\/wp-json\/wp\/v2\/users\/1"}],"replies":[{"embeddable":true,"href":"https:\/\/re-public.ba\/tr\/wp-json\/wp\/v2\/comments?post=1318"}],"version-history":[{"count":6,"href":"https:\/\/re-public.ba\/tr\/wp-json\/wp\/v2\/pages\/1318\/revisions"}],"predecessor-version":[{"id":2980,"href":"https:\/\/re-public.ba\/tr\/wp-json\/wp\/v2\/pages\/1318\/revisions\/2980"}],"wp:featuredmedia":[{"embeddable":true,"href":"https:\/\/re-public.ba\/tr\/wp-json\/wp\/v2\/media\/1319"}],"wp:attachment":[{"href":"https:\/\/re-public.ba\/tr\/wp-json\/wp\/v2\/media?parent=1318"}],"curies":[{"name":"wp","href":"https:\/\/api.w.org\/{rel}","templated":true}]}}