{"id":1359,"date":"2020-12-14T00:42:17","date_gmt":"2020-12-14T00:42:17","guid":{"rendered":"https:\/\/re-public.ba\/mapa-sajta\/"},"modified":"2021-02-07T03:27:05","modified_gmt":"2021-02-07T03:27:05","slug":"site-haritasi","status":"publish","type":"page","link":"https:\/\/re-public.ba\/tr\/site-haritasi\/","title":{"rendered":"Site haritas\u0131"},"content":{"rendered":"<div  class=\"tatsu-NQHithxFdG tatsu-section  tatsu-bg-overlay   tatsu-clearfix\" data-title=\"\"  data-headerscheme=\"background--dark\"><div class='tatsu-section-pad clearfix' data-padding='{\"d\":\"70px 0px 38px 0px\"}' data-padding-top='70px'><div class=\"tatsu-row-wrap  tatsu-wrap tatsu-row-has-one-half tatsu-row-has-two-cols tatsu-medium-gutter tatsu-reg-cols  tatsu-clearfix tatsu-RWsrC0M5af\" ><div  class=\"tatsu-row \" ><div  class=\"tatsu-column  tatsu-bg-overlay tatsu-one-half tatsu-column-image-none tatsu-column-effect-none  tatsu-stj5-y4oF\"  data-parallax-speed=\"0\" style=\"\"><div class=\"tatsu-column-inner \" ><div class=\"tatsu-column-pad-wrap\"><div class=\"tatsu-column-pad\" ><div  class=\"tatsu-module tatsu-text-block-wrap tatsu-teLv5vklB  \"><div class=\"tatsu-text-inner tatsu-align-center  clearfix\" ><style>.tatsu-teLv5vklB.tatsu-text-block-wrap .tatsu-text-inner{width: 100%;text-align: left;}<\/style>\n<p><a title=\"Pazarlama ve PR ajans\u0131 Republic Saraybosna, Bosna Hersek\" href=\"https:\/\/re-public.ba\/tr\"><span style=\"color: #000000;\">ANA SAYFA<\/span><\/a><\/p>\n<p><a title=\"Pazarlama ve PR ajans\u0131 Republic Saraybosna\" href=\"https:\/\/re-public.ba\/tr\/pazarlama-ajansi-republic-saraybosna\/\"><span style=\"color: #000000;\">HAKKIMIZDA<\/span><\/a><\/p>\n<p><a title=\"Pazarlama ve PR ajans\u0131 Republic Saraybosna - Referanslar\" href=\"https:\/\/re-public.ba\/tr\/reference\/\"><span style=\"color: #000000;\">REFERANSLAR<br \/><\/span><\/a><\/p>\n<p><a title=\"Pazarlama ve PR ajans\u0131 Republic Saraybosna - Haberler\" href=\"https:\/\/re-public.ba\/tr\/haberler\/\"><span style=\"color: #000000;\">HABERLER<\/span><\/a><\/p>\n<p><a title=\"Pazarlama ve PR ajans\u0131 Republic Saraybosna - ILET\u0130\u015e\u0130M\" href=\"https:\/\/re-public.ba\/tr\/iletisim\/\"><span style=\"color: #000000;\">ILET\u0130\u015e\u0130M<\/span><\/a><\/p>\n<\/div><\/div><\/div><\/div><div class = \"tatsu-column-bg-image-wrap\"><div class = \"tatsu-column-bg-image\" ><\/div><\/div><div class=\"tatsu-overlay tatsu-column-overlay tatsu-animate-none\" ><\/div><\/div><style>.tatsu-row > .tatsu-stj5-y4oF.tatsu-column{width: 50%;}.tatsu-stj5-y4oF.tatsu-column > .tatsu-column-inner > .tatsu-column-overlay{mix-blend-mode: normal;}.tatsu-stj5-y4oF > .tatsu-column-inner > .tatsu-top-divider{z-index: 9999;}.tatsu-stj5-y4oF > .tatsu-column-inner > .tatsu-bottom-divider{z-index: 9999;}.tatsu-stj5-y4oF > .tatsu-column-inner > .tatsu-left-divider{z-index: 9999;}.tatsu-stj5-y4oF > .tatsu-column-inner > .tatsu-right-divider{z-index: 9999;}@media only screen and (max-width:1377px) {.tatsu-row > .tatsu-stj5-y4oF.tatsu-column{width: 50%;}}@media only screen and (min-width:768px) and (max-width: 1024px) {.tatsu-row > .tatsu-stj5-y4oF.tatsu-column{width: 50%;}}@media only screen and (max-width: 767px) {.tatsu-row > .tatsu-stj5-y4oF.tatsu-column{width: 100%;}}<\/style><\/div><div  class=\"tatsu-column  tatsu-bg-overlay tatsu-one-half tatsu-column-image-none tatsu-column-effect-none  tatsu-400wBEg7en\"  data-parallax-speed=\"0\" style=\"\"><div class=\"tatsu-column-inner \" ><div class=\"tatsu-column-pad-wrap\"><div class=\"tatsu-column-pad\" ><div  class=\"tatsu-module tatsu-text-block-wrap tatsu-O4BTrcxQ1  \"><div class=\"tatsu-text-inner tatsu-align-center  clearfix\" ><style>.tatsu-O4BTrcxQ1.tatsu-text-block-wrap .tatsu-text-inner{width: 100%;text-align: left;}<\/style>\n<p><a title=\"Pazarlama ve PR ajans\u0131 Republic\" href=\"https:\/\/re-public.ba\/tr\/hizmetler\/\"><span style=\"color: #000000;\">HIZMETLER<\/span><\/a><\/p>\n<ul class=\"listpad\">\n<li><a title=\"Hizmetler  halkla ili\u015fkiler Saraybosna - Pazarlama ve PR ajans\u0131 Republic\" href=\"https:\/\/re-public.ba\/tr\/hizmetler\/halkla-i%cc%87li%cc%87ski%cc%87ler\/\"><span style=\"color: #000000;\">HALKLA \u0130L\u0130\u015eK\u0130LER<\/span><\/a><\/li>\n<li><a title=\"Analiz ve ara\u015ft\u0131rma hizmetleri Saraybosna - Pazarlama ve PR ajans\u0131 Republic\" href=\"https:\/\/re-public.ba\/tr\/hizmetler\/anali%cc%87z-ve-arastirma\/\"><span style=\"color: #000000;\"> ANAL\u0130Z VE ARA\u015eTIRMA<\/span><\/a><\/li>\n<li><a title=\"Tasar\u0131m hizmetleri Saraybosna - Pazarlama ve PR ajans\u0131 Republic\" href=\"https:\/\/re-public.ba\/tr\/hizmetler\/tasarim\/\"><span style=\"color: #000000;\">TASARIM<\/span><\/a><\/li>\n<li><a title=\"Prod\u00fcksiyon hizmetleri Saraybosna - Pazarlama ve PR ajans\u0131 Republic\" href=\"https:\/\/re-public.ba\/tr\/hizmetler\/produksi%cc%87yon\/\"><span style=\"color: #000000;\">PROD\u00dcKS\u0130YON<\/span><\/a><\/li>\n<li><a title=\"Dijital pazarlama hizmetleri Saraybosna - Pazarlama ve PR ajans\u0131 Republic\" href=\"https:\/\/re-public.ba\/tr\/hizmetler\/dijital-pazarlama\/\"><span style=\"color: #000000;\">D\u0130J\u0130TAL PAZARLAMA<\/span><\/a><\/li>\n<li><a title=\"Hizmetler Etkinlik organizasyonu Saraybosna - Pazarlama ve PR ajans\u0131 Republic\" href=\"https:\/\/re-public.ba\/tr\/hizmetler\/etki%cc%87nli%cc%87k-organi%cc%87zasyonu\/\"><span style=\"color: #000000;\">ETK\u0130NL\u0130K ORGAN\u0130ZASYONU<\/span><\/a><\/li>\n<\/ul>\n<\/div><\/div><\/div><\/div><div class = \"tatsu-column-bg-image-wrap\"><div class = \"tatsu-column-bg-image\" ><\/div><\/div><div class=\"tatsu-overlay tatsu-column-overlay tatsu-animate-none\" ><\/div><\/div><style>.tatsu-row > .tatsu-400wBEg7en.tatsu-column{width: 50%;}.tatsu-400wBEg7en.tatsu-column > .tatsu-column-inner > .tatsu-column-overlay{mix-blend-mode: normal;}.tatsu-400wBEg7en > .tatsu-column-inner > .tatsu-top-divider{z-index: 9999;}.tatsu-400wBEg7en > .tatsu-column-inner > .tatsu-bottom-divider{z-index: 9999;}.tatsu-400wBEg7en > .tatsu-column-inner > .tatsu-left-divider{z-index: 9999;}.tatsu-400wBEg7en > .tatsu-column-inner > .tatsu-right-divider{z-index: 9999;}@media only screen and (max-width:1377px) {.tatsu-row > .tatsu-400wBEg7en.tatsu-column{width: 50%;}}@media only screen and (min-width:768px) and (max-width: 1024px) {.tatsu-row > .tatsu-400wBEg7en.tatsu-column{width: 50%;}}@media only screen and (max-width: 767px) {.tatsu-row > .tatsu-400wBEg7en.tatsu-column{width: 100%;}}<\/style><\/div><\/div><\/div><\/div><div class=\"tatsu-section-background-wrap\"><div class = \"tatsu-section-background\" ><\/div><\/div><div class=\"tatsu-overlay tatsu-section-overlay\"><\/div><style>.tatsu-NQHithxFdG .tatsu-section-pad{padding: 70px 0px 38px 0px;}.tatsu-NQHithxFdG .tatsu-section-offset-wrap{transform: translateY(-0px);}.tatsu-NQHithxFdG > .tatsu-bottom-divider{z-index: 9999;}.tatsu-NQHithxFdG > .tatsu-top-divider{z-index: 9999;}.tatsu-NQHithxFdG .tatsu-section-overlay{mix-blend-mode: normal;}<\/style><\/div><div  class=\"tatsu-rMFCVVRcY9 tatsu-section  tatsu-bg-overlay   tatsu-clearfix\" data-title=\"\"  data-headerscheme=\"background--dark\"><div class='tatsu-section-pad clearfix' data-padding='{\"d\":\"9px 0px 90px 0px\"}' data-padding-top='9px'><div class=\"tatsu-row-wrap  tatsu-wrap tatsu-row-one-col tatsu-row-has-one-cols tatsu-medium-gutter tatsu-reg-cols  tatsu-clearfix tatsu-TuhFLxyQWP\" ><div  class=\"tatsu-row \" ><div  class=\"tatsu-column  tatsu-bg-overlay tatsu-one-col tatsu-column-image-none tatsu-column-effect-none  tatsu-ZXt6td6-K\"  data-parallax-speed=\"0\" style=\"\"><div class=\"tatsu-column-inner \" ><div class=\"tatsu-column-pad-wrap\"><div class=\"tatsu-column-pad\" ><div  class=\"tatsu-module tatsu-text-block-wrap tatsu-LFrXUh8dK  \"><div class=\"tatsu-text-inner tatsu-align-center  clearfix\" ><style>.tatsu-LFrXUh8dK.tatsu-text-block-wrap .tatsu-text-inner{width: 100%;text-align: left;}<\/style>\n<p><img loading=\"lazy\" class=\"aligncenter size-full wp-image-1217\" title=\"Pazarlama ajans\u0131 Republic, Saraybosna, Bosna Hersek\" src=\"https:\/\/re-public.ba\/wp-content\/uploads\/2020\/12\/Najbolja-marketing-rjesenja-Republic-marketing-i-PR-agencija.jpg\" alt=\"Pazarlama ajans\u0131 Republic, Saraybosna, Bosna Hersek\" width=\"1300\" height=\"731\" srcset=\"https:\/\/re-public.ba\/wp-content\/uploads\/2020\/12\/Najbolja-marketing-rjesenja-Republic-marketing-i-PR-agencija.jpg 960w, https:\/\/re-public.ba\/wp-content\/uploads\/2020\/12\/Najbolja-marketing-rjesenja-Republic-marketing-i-PR-agencija-300x169.jpg 300w, https:\/\/re-public.ba\/wp-content\/uploads\/2020\/12\/Najbolja-marketing-rjesenja-Republic-marketing-i-PR-agencija-768x432.jpg 768w, https:\/\/re-public.ba\/wp-content\/uploads\/2020\/12\/Najbolja-marketing-rjesenja-Republic-marketing-i-PR-agencija-89x50.jpg 89w, https:\/\/re-public.ba\/wp-content\/uploads\/2020\/12\/Najbolja-marketing-rjesenja-Republic-marketing-i-PR-agencija-650x366.jpg 650w, https:\/\/re-public.ba\/wp-content\/uploads\/2020\/12\/Najbolja-marketing-rjesenja-Republic-marketing-i-PR-agencija-50x28.jpg 50w\" sizes=\"(max-width: 1300px) 100vw, 1300px\" \/><\/p>\n<\/div><\/div><\/div><\/div><div class = \"tatsu-column-bg-image-wrap\"><div class = \"tatsu-column-bg-image\" ><\/div><\/div><div class=\"tatsu-overlay tatsu-column-overlay tatsu-animate-none\" ><\/div><\/div><style>.tatsu-row > .tatsu-ZXt6td6-K.tatsu-column{width: 100%;}.tatsu-ZXt6td6-K.tatsu-column > .tatsu-column-inner > .tatsu-column-overlay{mix-blend-mode: normal;}.tatsu-ZXt6td6-K > .tatsu-column-inner > .tatsu-top-divider{z-index: 9999;}.tatsu-ZXt6td6-K > .tatsu-column-inner > .tatsu-bottom-divider{z-index: 9999;}.tatsu-ZXt6td6-K > .tatsu-column-inner > .tatsu-left-divider{z-index: 9999;}.tatsu-ZXt6td6-K > .tatsu-column-inner > .tatsu-right-divider{z-index: 9999;}@media only screen and (max-width:1377px) {.tatsu-row > .tatsu-ZXt6td6-K.tatsu-column{width: 100%;}}@media only screen and (min-width:768px) and (max-width: 1024px) {.tatsu-row > .tatsu-ZXt6td6-K.tatsu-column{width: 100%;}}@media only screen and (max-width: 767px) {.tatsu-row > .tatsu-ZXt6td6-K.tatsu-column{width: 100%;}}<\/style><\/div><\/div><\/div><\/div><div class=\"tatsu-section-background-wrap\"><div class = \"tatsu-section-background\" ><\/div><\/div><div class=\"tatsu-overlay tatsu-section-overlay\"><\/div><style>.tatsu-rMFCVVRcY9 .tatsu-section-pad{padding: 9px 0px 90px 0px;}.tatsu-rMFCVVRcY9 .tatsu-section-offset-wrap{transform: translateY(-0px);}.tatsu-rMFCVVRcY9 > .tatsu-bottom-divider{z-index: 9999;}.tatsu-rMFCVVRcY9 > .tatsu-top-divider{z-index: 9999;}.tatsu-rMFCVVRcY9 .tatsu-section-overlay{mix-blend-mode: normal;}<\/style><\/div>\n","protected":false},"excerpt":{"rendered":"<p><a href=\"https:\/\/re-public.ba\/tr\/site-haritasi\/\" class=\"more-link style2-button\">Read More<\/a><\/p>","protected":false},"author":1,"featured_media":1217,"parent":0,"menu_order":0,"comment_status":"closed","ping_status":"closed","template":"","meta":[],"yoast_head":"<!-- This site is optimized with the Yoast SEO plugin v18.6 - https:\/\/yoast.com\/wordpress\/plugins\/seo\/ -->\n<title>Site haritas\u0131 - Republic<\/title>\n<meta name=\"robots\" content=\"index, follow, max-snippet:-1, max-image-preview:large, max-video-preview:-1\" \/>\n<link rel=\"canonical\" href=\"https:\/\/re-public.ba\/tr\/site-haritasi\/\" \/>\n<meta property=\"og:locale\" content=\"tr_TR\" \/>\n<meta property=\"og:type\" content=\"article\" \/>\n<meta property=\"og:title\" content=\"Site haritas\u0131 - Republic\" \/>\n<meta property=\"og:url\" content=\"https:\/\/re-public.ba\/tr\/site-haritasi\/\" \/>\n<meta property=\"og:site_name\" content=\"Republic\" \/>\n<meta property=\"article:publisher\" content=\"https:\/\/www.facebook.com\/republicagencijabih\" \/>\n<meta property=\"article:modified_time\" content=\"2021-02-07T03:27:05+00:00\" \/>\n<meta property=\"og:image\" content=\"https:\/\/re-public.ba\/wp-content\/uploads\/2020\/12\/Najbolja-marketing-rjesenja-Republic-marketing-i-PR-agencija.jpg\" \/>\n\t<meta property=\"og:image:width\" content=\"960\" \/>\n\t<meta property=\"og:image:height\" content=\"540\" \/>\n\t<meta property=\"og:image:type\" content=\"image\/jpeg\" \/>\n<meta name=\"twitter:card\" content=\"summary_large_image\" \/>\n<meta name=\"twitter:label1\" content=\"Est. reading time\" \/>\n\t<meta name=\"twitter:data1\" content=\"8 minutes\" \/>\n<script type=\"application\/ld+json\" class=\"yoast-schema-graph\">{\"@context\":\"https:\/\/schema.org\",\"@graph\":[{\"@type\":\"WebSite\",\"@id\":\"https:\/\/re-public.ba\/#website\",\"url\":\"https:\/\/re-public.ba\/\",\"name\":\"Republic\",\"description\":\"Marketing agencija Sarajevo\",\"potentialAction\":[{\"@type\":\"SearchAction\",\"target\":{\"@type\":\"EntryPoint\",\"urlTemplate\":\"https:\/\/re-public.ba\/?s={search_term_string}\"},\"query-input\":\"required name=search_term_string\"}],\"inLanguage\":\"tr-TR\"},{\"@type\":\"ImageObject\",\"@id\":\"https:\/\/re-public.ba\/tr\/site-haritasi\/#primaryimage\",\"inLanguage\":\"tr-TR\",\"url\":\"https:\/\/re-public.ba\/wp-content\/uploads\/2020\/12\/Najbolja-marketing-rjesenja-Republic-marketing-i-PR-agencija.jpg\",\"contentUrl\":\"https:\/\/re-public.ba\/wp-content\/uploads\/2020\/12\/Najbolja-marketing-rjesenja-Republic-marketing-i-PR-agencija.jpg\",\"width\":960,\"height\":540},{\"@type\":\"WebPage\",\"@id\":\"https:\/\/re-public.ba\/tr\/site-haritasi\/#webpage\",\"url\":\"https:\/\/re-public.ba\/tr\/site-haritasi\/\",\"name\":\"Site haritas\u0131 - Republic\",\"isPartOf\":{\"@id\":\"https:\/\/re-public.ba\/#website\"},\"primaryImageOfPage\":{\"@id\":\"https:\/\/re-public.ba\/tr\/site-haritasi\/#primaryimage\"},\"datePublished\":\"2020-12-14T00:42:17+00:00\",\"dateModified\":\"2021-02-07T03:27:05+00:00\",\"breadcrumb\":{\"@id\":\"https:\/\/re-public.ba\/tr\/site-haritasi\/#breadcrumb\"},\"inLanguage\":\"tr-TR\",\"potentialAction\":[{\"@type\":\"ReadAction\",\"target\":[\"https:\/\/re-public.ba\/tr\/site-haritasi\/\"]}]},{\"@type\":\"BreadcrumbList\",\"@id\":\"https:\/\/re-public.ba\/tr\/site-haritasi\/#breadcrumb\",\"itemListElement\":[{\"@type\":\"ListItem\",\"position\":1,\"name\":\"Site haritas\u0131\"}]}]}<\/script>\n<!-- \/ Yoast SEO plugin. -->","yoast_head_json":{"title":"Site haritas\u0131 - Republic","robots":{"index":"index","follow":"follow","max-snippet":"max-snippet:-1","max-image-preview":"max-image-preview:large","max-video-preview":"max-video-preview:-1"},"canonical":"https:\/\/re-public.ba\/tr\/site-haritasi\/","og_locale":"tr_TR","og_type":"article","og_title":"Site haritas\u0131 - Republic","og_url":"https:\/\/re-public.ba\/tr\/site-haritasi\/","og_site_name":"Republic","article_publisher":"https:\/\/www.facebook.com\/republicagencijabih","article_modified_time":"2021-02-07T03:27:05+00:00","og_image":[{"width":960,"height":540,"url":"https:\/\/re-public.ba\/wp-content\/uploads\/2020\/12\/Najbolja-marketing-rjesenja-Republic-marketing-i-PR-agencija.jpg","type":"image\/jpeg"}],"twitter_card":"summary_large_image","twitter_misc":{"Est. reading time":"8 minutes"},"schema":{"@context":"https:\/\/schema.org","@graph":[{"@type":"WebSite","@id":"https:\/\/re-public.ba\/#website","url":"https:\/\/re-public.ba\/","name":"Republic","description":"Marketing agencija Sarajevo","potentialAction":[{"@type":"SearchAction","target":{"@type":"EntryPoint","urlTemplate":"https:\/\/re-public.ba\/?s={search_term_string}"},"query-input":"required name=search_term_string"}],"inLanguage":"tr-TR"},{"@type":"ImageObject","@id":"https:\/\/re-public.ba\/tr\/site-haritasi\/#primaryimage","inLanguage":"tr-TR","url":"https:\/\/re-public.ba\/wp-content\/uploads\/2020\/12\/Najbolja-marketing-rjesenja-Republic-marketing-i-PR-agencija.jpg","contentUrl":"https:\/\/re-public.ba\/wp-content\/uploads\/2020\/12\/Najbolja-marketing-rjesenja-Republic-marketing-i-PR-agencija.jpg","width":960,"height":540},{"@type":"WebPage","@id":"https:\/\/re-public.ba\/tr\/site-haritasi\/#webpage","url":"https:\/\/re-public.ba\/tr\/site-haritasi\/","name":"Site haritas\u0131 - Republic","isPartOf":{"@id":"https:\/\/re-public.ba\/#website"},"primaryImageOfPage":{"@id":"https:\/\/re-public.ba\/tr\/site-haritasi\/#primaryimage"},"datePublished":"2020-12-14T00:42:17+00:00","dateModified":"2021-02-07T03:27:05+00:00","breadcrumb":{"@id":"https:\/\/re-public.ba\/tr\/site-haritasi\/#breadcrumb"},"inLanguage":"tr-TR","potentialAction":[{"@type":"ReadAction","target":["https:\/\/re-public.ba\/tr\/site-haritasi\/"]}]},{"@type":"BreadcrumbList","@id":"https:\/\/re-public.ba\/tr\/site-haritasi\/#breadcrumb","itemListElement":[{"@type":"ListItem","position":1,"name":"Site haritas\u0131"}]}]}},"_links":{"self":[{"href":"https:\/\/re-public.ba\/tr\/wp-json\/wp\/v2\/pages\/1359"}],"collection":[{"href":"https:\/\/re-public.ba\/tr\/wp-json\/wp\/v2\/pages"}],"about":[{"href":"https:\/\/re-public.ba\/tr\/wp-json\/wp\/v2\/types\/page"}],"author":[{"embeddable":true,"href":"https:\/\/re-public.ba\/tr\/wp-json\/wp\/v2\/users\/1"}],"replies":[{"embeddable":true,"href":"https:\/\/re-public.ba\/tr\/wp-json\/wp\/v2\/comments?post=1359"}],"version-history":[{"count":6,"href":"https:\/\/re-public.ba\/tr\/wp-json\/wp\/v2\/pages\/1359\/revisions"}],"predecessor-version":[{"id":1743,"href":"https:\/\/re-public.ba\/tr\/wp-json\/wp\/v2\/pages\/1359\/revisions\/1743"}],"wp:featuredmedia":[{"embeddable":true,"href":"https:\/\/re-public.ba\/tr\/wp-json\/wp\/v2\/media\/1217"}],"wp:attachment":[{"href":"https:\/\/re-public.ba\/tr\/wp-json\/wp\/v2\/media?parent=1359"}],"curies":[{"name":"wp","href":"https:\/\/api.w.org\/{rel}","templated":true}]}}